{"id":9195,"date":"2025-09-01T09:34:30","date_gmt":"2025-09-01T09:34:30","guid":{"rendered":"https:\/\/seedfuturegroup.com\/privacy-policy\/"},"modified":"2026-03-11T12:38:51","modified_gmt":"2026-03-11T12:38:51","slug":"privacy-policy","status":"publish","type":"page","link":"https:\/\/seedfuturegroup.com\/fr\/privacy-policy\/","title":{"rendered":"Privacy Policy"},"content":{"rendered":"\t\t<div data-elementor-type=\"wp-page\" data-elementor-id=\"9195\" class=\"elementor elementor-9195 elementor-3\" data-elementor-post-type=\"page\">\n\t\t\t\t<div class=\"elementor-element elementor-element-e9a48cd e-con-full e-flex e-con e-parent\" data-id=\"e9a48cd\" data-element_type=\"container\" data-e-type=\"container\">\n\t\t<div class=\"elementor-element elementor-element-d42e78a e-flex e-con-boxed e-con e-child\" data-id=\"d42e78a\" data-element_type=\"container\" data-e-type=\"container\" data-settings=\"{&quot;background_background&quot;:&quot;classic&quot;}\">\n\t\t\t\t\t<div class=\"e-con-inner\">\n\t\t\t\t\t<\/div>\n\t\t\t\t<\/div>\n\t\t<div class=\"elementor-element elementor-element-b4074b0 e-flex e-con-boxed e-con e-child\" data-id=\"b4074b0\" data-element_type=\"container\" data-e-type=\"container\">\n\t\t\t\t\t<div class=\"e-con-inner\">\n\t\t\t\t<div class=\"elementor-element elementor-element-2d9a992 elementor-widget elementor-widget-text-editor\" data-id=\"2d9a992\" data-element_type=\"widget\" data-e-type=\"widget\" data-widget_type=\"text-editor.default\">\n\t\t\t\t\t\t\t\t\t<p>Cette page d\u00e9crit comment g\u00e9rer ce site web en r\u00e9f\u00e9rence au traitement des donn\u00e9es personnelles des utilisateurs qui le consultent. Le traitement des donn\u00e9es est effectu\u00e9 conform\u00e9ment aux crit\u00e8res \u00e9nonc\u00e9s dans le r\u00e8glement europ\u00e9en sur la protection des donn\u00e9es \u00e0 caract\u00e8re personnel, R\u00e8g. 2016\/679\/UE et \u00e0 toute autre l\u00e9gislation, mesure ou autorisation nationale de l&rsquo;autorit\u00e9 comp\u00e9tente qui lui est li\u00e9e. Selon la l\u00e9gislation indiqu\u00e9e, le traitement doit \u00eatre fond\u00e9 sur les principes d&rsquo;\u00e9quit\u00e9, de l\u00e9galit\u00e9 et de transparence et sur la protection de votre confidentialit\u00e9 et de vos droits.<\/p>\t\t\t\t\t\t\t\t<\/div>\n\t\t\t\t<div class=\"elementor-element elementor-element-cd44956 elementor-widget elementor-widget-text-editor\" data-id=\"cd44956\" data-element_type=\"widget\" data-e-type=\"widget\" data-widget_type=\"text-editor.default\">\n\t\t\t\t\t\t\t\t\t<p>Les informations sont fournies uniquement pour le site Web <strong>www.seedfuturegroup.com<\/strong> et non pour d&rsquo;autres sites Web qui peuvent \u00eatre consult\u00e9s par l&rsquo;utilisateur via des liens.<\/p>\t\t\t\t\t\t\t\t<\/div>\n\t\t\t\t<div class=\"elementor-element elementor-element-084eb50 elementor-widget elementor-widget-heading\" data-id=\"084eb50\" data-element_type=\"widget\" data-e-type=\"widget\" data-widget_type=\"heading.default\">\n\t\t\t\t\t<h3 class=\"elementor-heading-title elementor-size-default\">Le responsable du traitement<\/h3>\t\t\t\t<\/div>\n\t\t\t\t<div class=\"elementor-element elementor-element-a720fbf elementor-widget elementor-widget-text-editor\" data-id=\"a720fbf\" data-element_type=\"widget\" data-e-type=\"widget\" data-widget_type=\"text-editor.default\">\n\t\t\t\t\t\t\t\t\t<p>Apr\u00e8s consultation de ce site, des donn\u00e9es relatives \u00e0 des personnes identifi\u00e9es ou identifiables peuvent \u00eatre trait\u00e9es. Le responsable du <strong>traitement est Agritrade s.r.l.<\/strong>, en la personne de son repr\u00e9sentant l\u00e9gal temporaire, M. <strong>Simone Marzari<\/strong>, si\u00e8ge social Via Monte Baldo 4 &#8211; 37069 Villafranca di Verona (VR) T\u00e9l. 045\/6340238 ; Fax 045\/4727324 ; E-mail <a href=\"mailto:info@agritrade.it\">info@agritrade.it<\/a>. <\/p>\t\t\t\t\t\t\t\t<\/div>\n\t\t\t\t<div class=\"elementor-element elementor-element-a9be7c0 elementor-widget elementor-widget-heading\" data-id=\"a9be7c0\" data-element_type=\"widget\" data-e-type=\"widget\" data-widget_type=\"heading.default\">\n\t\t\t\t\t<h3 class=\"elementor-heading-title elementor-size-default\">Lieu de traitement des donn\u00e9es et communication<\/h3>\t\t\t\t<\/div>\n\t\t\t\t<div class=\"elementor-element elementor-element-44d8a58 elementor-widget elementor-widget-text-editor\" data-id=\"44d8a58\" data-element_type=\"widget\" data-e-type=\"widget\" data-widget_type=\"text-editor.default\">\n\t\t\t\t\t\t\t\t\t<p>Les traitements li\u00e9s aux services web de ce site ont lieu au si\u00e8ge social susmentionn\u00e9 de la soci\u00e9t\u00e9 et sont g\u00e9r\u00e9s par le personnel de la soci\u00e9t\u00e9 et\/ou par des responsables externes de la maintenance et de la mise \u00e0 jour d\u00fbment d\u00e9sign\u00e9s. Aucune donn\u00e9e provenant du service Web n&rsquo;est communiqu\u00e9e ou diffus\u00e9e. <\/p>\t\t\t\t\t\t\t\t<\/div>\n\t\t\t\t<div class=\"elementor-element elementor-element-308bed5 elementor-widget elementor-widget-text-editor\" data-id=\"308bed5\" data-element_type=\"widget\" data-e-type=\"widget\" data-widget_type=\"text-editor.default\">\n\t\t\t\t\t\t\t\t\t<p>Les donn\u00e9es \u00e0 caract\u00e8re personnel fournies par les utilisateurs qui soumettent des demandes de services, de prestations ou d&rsquo;informations ne sont utilis\u00e9es que pour ex\u00e9cuter le service ou fournir les informations demand\u00e9es, et sont divulgu\u00e9es \u00e0 des tiers d\u00fbment d\u00e9sign\u00e9s uniquement si cela est n\u00e9cessaire \u00e0 cette fin.<\/p>\t\t\t\t\t\t\t\t<\/div>\n\t\t\t\t<div class=\"elementor-element elementor-element-f1e0c94 elementor-widget elementor-widget-heading\" data-id=\"f1e0c94\" data-element_type=\"widget\" data-e-type=\"widget\" data-widget_type=\"heading.default\">\n\t\t\t\t\t<h3 class=\"elementor-heading-title elementor-size-default\">Types de donn\u00e9es trait\u00e9es<\/h3>\t\t\t\t<\/div>\n\t\t\t\t<div class=\"elementor-element elementor-element-b832466 elementor-widget elementor-widget-text-editor\" data-id=\"b832466\" data-element_type=\"widget\" data-e-type=\"widget\" data-widget_type=\"text-editor.default\">\n\t\t\t\t\t\t\t\t\t<p><strong>Donn\u00e9es de navigation<\/strong><\/p>\t\t\t\t\t\t\t\t<\/div>\n\t\t\t\t<div class=\"elementor-element elementor-element-75b7892 elementor-widget elementor-widget-text-editor\" data-id=\"75b7892\" data-element_type=\"widget\" data-e-type=\"widget\" data-widget_type=\"text-editor.default\">\n\t\t\t\t\t\t\t\t\tLes syst\u00e8mes informatiques et les proc\u00e9dures logicielles utilis\u00e9s pour exploiter ce site Web acqui\u00e8rent, au cours de leur fonctionnement normal, certaines donn\u00e9es personnelles dont la transmission est implicite dans l&rsquo;utilisation des protocoles de communication Internet.\t\t\t\t\t\t\t\t<\/div>\n\t\t\t\t<div class=\"elementor-element elementor-element-abe2cb4 elementor-widget elementor-widget-text-editor\" data-id=\"abe2cb4\" data-element_type=\"widget\" data-e-type=\"widget\" data-widget_type=\"text-editor.default\">\n\t\t\t\t\t\t\t\t\t<p>Ces informations ne sont pas collect\u00e9es pour \u00eatre associ\u00e9es \u00e0 des personnes identifi\u00e9es mais de par leur nature m\u00eame, leur traitement et l&rsquo;association avec des donn\u00e9es d\u00e9tenues par des tiers pourraient permettre l&rsquo;identification des utilisateurs.<\/p>\t\t\t\t\t\t\t\t<\/div>\n\t\t\t\t<div class=\"elementor-element elementor-element-59e1abc elementor-widget elementor-widget-text-editor\" data-id=\"59e1abc\" data-element_type=\"widget\" data-e-type=\"widget\" data-widget_type=\"text-editor.default\">\n\t\t\t\t\t\t\t\t\tCette cat\u00e9gorie de donn\u00e9es comprend les adresses IP ou noms de domaine des ordinateurs utilis\u00e9s par les utilisateurs qui se connectent au site, les adresses URI (Uniform Resource Identifier) des ressources demand\u00e9es, l&rsquo;heure de la requ\u00eate, la m\u00e9thode utilis\u00e9e pour soumettre la requ\u00eate au serveur, la taille du fichier obtenu en r\u00e9ponse, le code num\u00e9rique indiquant l&rsquo;\u00e9tat de la r\u00e9ponse donn\u00e9e par le serveur (succ\u00e8s, erreur, etc.) et d&rsquo;autres param\u00e8tres li\u00e9s au syst\u00e8me d&rsquo;exploitation et \u00e0 l&rsquo;environnement informatique de l&rsquo;utilisateur.\t\t\t\t\t\t\t\t<\/div>\n\t\t\t\t<div class=\"elementor-element elementor-element-d18a974 elementor-widget elementor-widget-text-editor\" data-id=\"d18a974\" data-element_type=\"widget\" data-e-type=\"widget\" data-widget_type=\"text-editor.default\">\n\t\t\t\t\t\t\t\t\tCes donn\u00e9es sont utilis\u00e9es uniquement dans le but d&rsquo;obtenir des informations statistiques anonymes sur l&rsquo;utilisation du site et de v\u00e9rifier son bon fonctionnement. Les donn\u00e9es pourraient \u00eatre utilis\u00e9es pour \u00e9tablir la responsabilit\u00e9 en cas de cybercrimes hypoth\u00e9tiques contre le site. Pour ces donn\u00e9es, uniquement aux fins susmentionn\u00e9es, il n&rsquo;est pas n\u00e9cessaire de demander le consentement.  \t\t\t\t\t\t\t\t<\/div>\n\t\t\t\t<div class=\"elementor-element elementor-element-2481844 elementor-widget elementor-widget-text-editor\" data-id=\"2481844\" data-element_type=\"widget\" data-e-type=\"widget\" data-widget_type=\"text-editor.default\">\n\t\t\t\t\t\t\t\t\t<p><strong>Donn\u00e9es fournies volontairement par l&rsquo;utilisateur<\/strong><\/p>\t\t\t\t\t\t\t\t<\/div>\n\t\t\t\t<div class=\"elementor-element elementor-element-c48fc73 elementor-widget elementor-widget-text-editor\" data-id=\"c48fc73\" data-element_type=\"widget\" data-e-type=\"widget\" data-widget_type=\"text-editor.default\">\n\t\t\t\t\t\t\t\t\tL&rsquo;envoi facultatif, explicite et volontaire par des moyens d&rsquo;\u00e9change d&rsquo;informations tels que le courrier \u00e9lectronique aux adresses indiqu\u00e9es sur ce site ou le formulaire rempli aux rubriques sp\u00e9cifiques avec les champs obligatoires et facultatifs, implique l&rsquo;acquisition ult\u00e9rieure des informations et de l&rsquo;adresse de l&rsquo;exp\u00e9diteur, n\u00e9cessaires pour r\u00e9pondre aux demandes de services et\/ou d&rsquo;informations. Pour ces donn\u00e9es, et uniquement aux fins susmentionn\u00e9es, il n&rsquo;est pas n\u00e9cessaire de demander le consentement. \t\t\t\t\t\t\t\t<\/div>\n\t\t\t\t<div class=\"elementor-element elementor-element-298b3f8 elementor-widget elementor-widget-text-editor\" data-id=\"298b3f8\" data-element_type=\"widget\" data-e-type=\"widget\" data-widget_type=\"text-editor.default\">\n\t\t\t\t\t\t\t\t\t<p><strong>Cookies<\/strong><\/p>\t\t\t\t\t\t\t\t<\/div>\n\t\t\t\t<div class=\"elementor-element elementor-element-c4fc377 elementor-widget elementor-widget-text-editor\" data-id=\"c4fc377\" data-element_type=\"widget\" data-e-type=\"widget\" data-widget_type=\"text-editor.default\">\n\t\t\t\t\t\t\t\t\t<p>La politique de cookies du site est r\u00e9glement\u00e9e et d\u00e9crite dans la <strong><u><a href=\"https:\/\/seedfuturegroup.com\/fr\/cookie-policy\/\">politique relative aux cookies <\/a><\/u><\/strong>de ce site.<\/p>\t\t\t\t\t\t\t\t<\/div>\n\t\t\t\t<div class=\"elementor-element elementor-element-ca3e17e elementor-widget elementor-widget-heading\" data-id=\"ca3e17e\" data-element_type=\"widget\" data-e-type=\"widget\" data-widget_type=\"heading.default\">\n\t\t\t\t\t<h3 class=\"elementor-heading-title elementor-size-default\">Fourniture facultative de donn\u00e9es<\/h3>\t\t\t\t<\/div>\n\t\t\t\t<div class=\"elementor-element elementor-element-708b323 elementor-widget elementor-widget-text-editor\" data-id=\"708b323\" data-element_type=\"widget\" data-e-type=\"widget\" data-widget_type=\"text-editor.default\">\n\t\t\t\t\t\t\t\t\t<p>Outre ce qui est sp\u00e9cifi\u00e9 pour les donn\u00e9es de navigation, l&rsquo;utilisateur est libre de fournir des donn\u00e9es personnelles pour demander des services et\/ou des informations. En cas de refus, il ne pourra pas obtenir ce qu\u2019il a demand\u00e9. <\/p>\t\t\t\t\t\t\t\t<\/div>\n\t\t\t\t<div class=\"elementor-element elementor-element-09343ad elementor-widget elementor-widget-heading\" data-id=\"09343ad\" data-element_type=\"widget\" data-e-type=\"widget\" data-widget_type=\"heading.default\">\n\t\t\t\t\t<h3 class=\"elementor-heading-title elementor-size-default\">M\u00e9thodes de traitement<\/h3>\t\t\t\t<\/div>\n\t\t\t\t<div class=\"elementor-element elementor-element-81ca5fa elementor-widget elementor-widget-text-editor\" data-id=\"81ca5fa\" data-element_type=\"widget\" data-e-type=\"widget\" data-widget_type=\"text-editor.default\">\n\t\t\t\t\t\t\t\t\t<p>Les donn\u00e9es \u00e0 caract\u00e8re personnel sont trait\u00e9es par le responsable du traitement et par des sous-traitants d\u00fbment d\u00e9sign\u00e9s pour la r\u00e9alisation des finalit\u00e9s indiqu\u00e9es, par des moyens \u00e9lectroniques et des archives papier, ainsi que par l&rsquo;utilisation de mesures de s\u00e9curit\u00e9 visant \u00e0 garantir la confidentialit\u00e9 des donn\u00e9es \u00e0 caract\u00e8re personnel et \u00e0 \u00e9viter un acc\u00e8s indu \u00e0 des parties non autoris\u00e9es. Le responsable du traitement des donn\u00e9es n&rsquo;utilise pas de processus automatis\u00e9s, y compris le profilage, pour atteindre les objectifs \u00e9nonc\u00e9s dans ces informations. Le site comprend une section pour le service \u00ab newsletter \u00bb qui permet, apr\u00e8s avoir saisi vos coordonn\u00e9es de contact (adresse e-mail), de recevoir des informations et des offres commerciales sur nos produits. La possibilit\u00e9 de vous d\u00e9sabonner du service vous sera garantie \u00e0 tout moment.   <\/p>\t\t\t\t\t\t\t\t<\/div>\n\t\t\t\t<div class=\"elementor-element elementor-element-8d46ebb elementor-widget elementor-widget-heading\" data-id=\"8d46ebb\" data-element_type=\"widget\" data-e-type=\"widget\" data-widget_type=\"heading.default\">\n\t\t\t\t\t<h3 class=\"elementor-heading-title elementor-size-default\">Modalit\u00e9s de traitement<\/h3>\t\t\t\t<\/div>\n\t\t\t\t<div class=\"elementor-element elementor-element-24af585 elementor-widget elementor-widget-text-editor\" data-id=\"24af585\" data-element_type=\"widget\" data-e-type=\"widget\" data-widget_type=\"text-editor.default\">\n\t\t\t\t\t\t\t\t\tLe responsable du traitement traitera les donn\u00e9es \u00e0 caract\u00e8re personnel pendant le temps n\u00e9cessaire \u00e0 la r\u00e9alisation des objectifs ci-dessus et, en tout \u00e9tat de cause, pendant une p\u00e9riode maximale de 2 ans \u00e0 compter de l&rsquo;acquisition des donn\u00e9es aux fins de traitement.\t\t\t\t\t\t\t\t<\/div>\n\t\t\t\t<div class=\"elementor-element elementor-element-9671e9e elementor-widget elementor-widget-heading\" data-id=\"9671e9e\" data-element_type=\"widget\" data-e-type=\"widget\" data-widget_type=\"heading.default\">\n\t\t\t\t\t<h3 class=\"elementor-heading-title elementor-size-default\">Port\u00e9e de la communication et de la diffusion<\/h3>\t\t\t\t<\/div>\n\t\t\t\t<div class=\"elementor-element elementor-element-4ae676e elementor-widget elementor-widget-text-editor\" data-id=\"4ae676e\" data-element_type=\"widget\" data-e-type=\"widget\" data-widget_type=\"text-editor.default\">\n\t\t\t\t\t\t\t\t\tLe responsable du traitement d\u00e9clare que ses donn\u00e9es ne seront ni communiqu\u00e9es ni diffus\u00e9es.\t\t\t\t\t\t\t\t<\/div>\n\t\t\t\t<div class=\"elementor-element elementor-element-1dd9d8a elementor-widget elementor-widget-heading\" data-id=\"1dd9d8a\" data-element_type=\"widget\" data-e-type=\"widget\" data-widget_type=\"heading.default\">\n\t\t\t\t\t<h3 class=\"elementor-heading-title elementor-size-default\">Droits des personnes concern\u00e9es<\/h3>\t\t\t\t<\/div>\n\t\t\t\t<div class=\"elementor-element elementor-element-c9353ee elementor-widget elementor-widget-text-editor\" data-id=\"c9353ee\" data-element_type=\"widget\" data-e-type=\"widget\" data-widget_type=\"text-editor.default\">\n\t\t\t\t\t\t\t\t\t<p>Conform\u00e9ment aux articles 15 \u00e0 22 du RGPD, la personne concern\u00e9e a le droit de demander au responsable du traitement l&rsquo;acc\u00e8s \u00e0 ses donn\u00e9es personnelles ou la correction ou la suppression de celles-ci ou la limitation du traitement qui la concerne, ou a le droit de s&rsquo;opposer \u00e0 leur traitement, en plus du droit de demander la portabilit\u00e9 des donn\u00e9es.<\/p>\t\t\t\t\t\t\t\t<\/div>\n\t\t\t\t<div class=\"elementor-element elementor-element-3a94e09 elementor-widget elementor-widget-text-editor\" data-id=\"3a94e09\" data-element_type=\"widget\" data-e-type=\"widget\" data-widget_type=\"text-editor.default\">\n\t\t\t\t\t\t\t\t\t<p>La demande peut \u00eatre faite par courriel ou par t\u00e9l\u00e9copieur ou par courrier recommand\u00e9 avec pour objet : \u00ab demande de la personne concern\u00e9e \u00bb pr\u00e9cisant dans la demande le droit que la personne concern\u00e9e souhaite exercer (suppression, rectification, portabilit\u00e9, oubli), ainsi qu&rsquo;une adresse e-mail\/PEC valide \u00e0 laquelle envoyer la r\u00e9ponse.<\/p>\t\t\t\t\t\t\t\t<\/div>\n\t\t\t\t<div class=\"elementor-element elementor-element-641aa47 elementor-widget elementor-widget-text-editor\" data-id=\"641aa47\" data-element_type=\"widget\" data-e-type=\"widget\" data-widget_type=\"text-editor.default\">\n\t\t\t\t\t\t\t\t\t<p>Le responsable du traitement des donn\u00e9es ou toute personne d\u00e9sign\u00e9e par lui, r\u00e9pondra \u00e0 la demande dans les 30 jours \u00e0 compter de la date de r\u00e9ception. Si la r\u00e9ponse est complexe, le d\u00e9lai pourrait \u00eatre port\u00e9 \u00e0 30 jours suppl\u00e9mentaires, sous r\u00e9serve d&rsquo;une notification en temps utile \u00e0 la partie int\u00e9ress\u00e9e. <\/p>\t\t\t\t\t\t\t\t<\/div>\n\t\t\t\t<div class=\"elementor-element elementor-element-16102c2 elementor-widget elementor-widget-text-editor\" data-id=\"16102c2\" data-element_type=\"widget\" data-e-type=\"widget\" data-widget_type=\"text-editor.default\">\n\t\t\t\t\t\t\t\t\t<p>Si la personne concern\u00e9e juge opportun de faire valoir ses droits, elle peut d\u00e9poser une plainte aupr\u00e8s de l&rsquo;autorit\u00e9 de contr\u00f4le comp\u00e9tente, correspondant au Garant national de la protection de la vie priv\u00e9e, sise Piazza Venezia, 11-00187 Rome, <u><a href=\"mailto:garante@gpdp.it\">garante@gpdp.it<\/a><\/u>.<\/p>\t\t\t\t\t\t\t\t<\/div>\n\t\t\t\t<div class=\"elementor-element elementor-element-ce86d39 elementor-widget elementor-widget-text-editor\" data-id=\"ce86d39\" data-element_type=\"widget\" data-e-type=\"widget\" data-widget_type=\"text-editor.default\">\n\t\t\t\t\t\t\t\t\t<p>Date de mise \u00e0 jour, 02\/03\/2020<\/p>\t\t\t\t\t\t\t\t<\/div>\n\t\t\t\t\t<\/div>\n\t\t\t\t<\/div>\n\t\t\t\t<\/div>\n\t\t\t\t<\/div>\n\t\t","protected":false},"excerpt":{"rendered":"<p><span class=\"span-reading-time rt-reading-time\" style=\"display: block;\"><span class=\"rt-label rt-prefix\">Tempo di lettura: <\/span> <span class=\"rt-time\"> 4<\/span> <span class=\"rt-label rt-postfix\">minuti<\/span><\/span>Cette page d\u00e9crit comment g\u00e9rer ce site web en r\u00e9f\u00e9rence au traitement des donn\u00e9es personnelles des utilisateurs qui le consultent. Le traitement des donn\u00e9es est effectu\u00e9 conform\u00e9ment aux crit\u00e8res \u00e9nonc\u00e9s dans le r\u00e8glement europ\u00e9en sur la protection des donn\u00e9es \u00e0 caract\u00e8re personnel, R\u00e8g. 2016\/679\/UE et \u00e0 toute autre l\u00e9gislation, mesure ou autorisation nationale de l&rsquo;autorit\u00e9 [&hellip;]<\/p>\n","protected":false},"author":1,"featured_media":0,"parent":0,"menu_order":0,"comment_status":"closed","ping_status":"open","template":"","meta":{"_acf_changed":false,"inline_featured_image":false,"footnotes":""},"class_list":["post-9195","page","type-page","status-publish","hentry"],"acf":[],"yoast_head":"<!-- This site is optimized with the Yoast SEO plugin v27.1.1 - https:\/\/yoast.com\/product\/yoast-seo-wordpress\/ -->\n<title>Privacy Policy - SeedFutureGroup<\/title>\n<meta name=\"robots\" content=\"index, follow, max-snippet:-1, max-image-preview:large, max-video-preview:-1\" \/>\n<link rel=\"canonical\" href=\"https:\/\/seedfuturegroup.com\/fr\/privacy-policy\/\" \/>\n<meta property=\"og:locale\" content=\"fr_FR\" \/>\n<meta property=\"og:type\" content=\"article\" \/>\n<meta property=\"og:title\" content=\"Privacy Policy - SeedFutureGroup\" \/>\n<meta property=\"og:description\" content=\"Tempo di lettura:  4 minutiCette page d\u00e9crit comment g\u00e9rer ce site web en r\u00e9f\u00e9rence au traitement des donn\u00e9es personnelles des utilisateurs qui le consultent. Le traitement des donn\u00e9es est effectu\u00e9 conform\u00e9ment aux crit\u00e8res \u00e9nonc\u00e9s dans le r\u00e8glement europ\u00e9en sur la protection des donn\u00e9es \u00e0 caract\u00e8re personnel, R\u00e8g. 2016\/679\/UE et \u00e0 toute autre l\u00e9gislation, mesure ou autorisation nationale de l&rsquo;autorit\u00e9 [&hellip;]\" \/>\n<meta property=\"og:url\" content=\"https:\/\/seedfuturegroup.com\/fr\/privacy-policy\/\" \/>\n<meta property=\"og:site_name\" content=\"SeedFutureGroup\" \/>\n<meta property=\"article:modified_time\" content=\"2026-03-11T12:38:51+00:00\" \/>\n<meta name=\"twitter:card\" content=\"summary_large_image\" \/>\n<meta name=\"twitter:label1\" content=\"Dur\u00e9e de lecture estim\u00e9e\" \/>\n\t<meta name=\"twitter:data1\" content=\"6 minutes\" \/>\n<script type=\"application\/ld+json\" class=\"yoast-schema-graph\">{\"@context\":\"https:\/\/schema.org\",\"@graph\":[{\"@type\":\"WebPage\",\"@id\":\"https:\/\/seedfuturegroup.com\/fr\/privacy-policy\/\",\"url\":\"https:\/\/seedfuturegroup.com\/fr\/privacy-policy\/\",\"name\":\"Privacy Policy - SeedFutureGroup\",\"isPartOf\":{\"@id\":\"https:\/\/seedfuturegroup.com\/#website\"},\"datePublished\":\"2025-09-01T09:34:30+00:00\",\"dateModified\":\"2026-03-11T12:38:51+00:00\",\"inLanguage\":\"fr-FR\",\"potentialAction\":[{\"@type\":\"ReadAction\",\"target\":[\"https:\/\/seedfuturegroup.com\/fr\/privacy-policy\/\"]}]},{\"@type\":\"WebSite\",\"@id\":\"https:\/\/seedfuturegroup.com\/#website\",\"url\":\"https:\/\/seedfuturegroup.com\/\",\"name\":\"SeedFuture Group\",\"description\":\"\",\"publisher\":{\"@id\":\"https:\/\/seedfuturegroup.com\/#organization\"},\"potentialAction\":[{\"@type\":\"SearchAction\",\"target\":{\"@type\":\"EntryPoint\",\"urlTemplate\":\"https:\/\/seedfuturegroup.com\/?s={search_term_string}\"},\"query-input\":{\"@type\":\"PropertyValueSpecification\",\"valueRequired\":true,\"valueName\":\"search_term_string\"}}],\"inLanguage\":\"fr-FR\"},{\"@type\":\"Organization\",\"@id\":\"https:\/\/seedfuturegroup.com\/#organization\",\"name\":\"SeedFuture Group\",\"url\":\"https:\/\/seedfuturegroup.com\/\",\"logo\":{\"@type\":\"ImageObject\",\"inLanguage\":\"fr-FR\",\"@id\":\"https:\/\/seedfuturegroup.com\/#\/schema\/logo\/image\/\",\"url\":\"https:\/\/seedfuturegroup.com\/wp-content\/uploads\/2025\/09\/logo-seedfuture-v3.svg\",\"contentUrl\":\"https:\/\/seedfuturegroup.com\/wp-content\/uploads\/2025\/09\/logo-seedfuture-v3.svg\",\"width\":100,\"height\":100,\"caption\":\"SeedFuture Group\"},\"image\":{\"@id\":\"https:\/\/seedfuturegroup.com\/#\/schema\/logo\/image\/\"},\"sameAs\":[\"https:\/\/www.linkedin.com\/company\/seedfuture\/\",\"https:\/\/www.youtube.com\/@seedfuturegroup\"]}]}<\/script>\n<!-- \/ Yoast SEO plugin. -->","yoast_head_json":{"title":"Privacy Policy - SeedFutureGroup","robots":{"index":"index","follow":"follow","max-snippet":"max-snippet:-1","max-image-preview":"max-image-preview:large","max-video-preview":"max-video-preview:-1"},"canonical":"https:\/\/seedfuturegroup.com\/fr\/privacy-policy\/","og_locale":"fr_FR","og_type":"article","og_title":"Privacy Policy - SeedFutureGroup","og_description":"Tempo di lettura:  4 minutiCette page d\u00e9crit comment g\u00e9rer ce site web en r\u00e9f\u00e9rence au traitement des donn\u00e9es personnelles des utilisateurs qui le consultent. Le traitement des donn\u00e9es est effectu\u00e9 conform\u00e9ment aux crit\u00e8res \u00e9nonc\u00e9s dans le r\u00e8glement europ\u00e9en sur la protection des donn\u00e9es \u00e0 caract\u00e8re personnel, R\u00e8g. 2016\/679\/UE et \u00e0 toute autre l\u00e9gislation, mesure ou autorisation nationale de l&rsquo;autorit\u00e9 [&hellip;]","og_url":"https:\/\/seedfuturegroup.com\/fr\/privacy-policy\/","og_site_name":"SeedFutureGroup","article_modified_time":"2026-03-11T12:38:51+00:00","twitter_card":"summary_large_image","twitter_misc":{"Dur\u00e9e de lecture estim\u00e9e":"6 minutes"},"schema":{"@context":"https:\/\/schema.org","@graph":[{"@type":"WebPage","@id":"https:\/\/seedfuturegroup.com\/fr\/privacy-policy\/","url":"https:\/\/seedfuturegroup.com\/fr\/privacy-policy\/","name":"Privacy Policy - SeedFutureGroup","isPartOf":{"@id":"https:\/\/seedfuturegroup.com\/#website"},"datePublished":"2025-09-01T09:34:30+00:00","dateModified":"2026-03-11T12:38:51+00:00","inLanguage":"fr-FR","potentialAction":[{"@type":"ReadAction","target":["https:\/\/seedfuturegroup.com\/fr\/privacy-policy\/"]}]},{"@type":"WebSite","@id":"https:\/\/seedfuturegroup.com\/#website","url":"https:\/\/seedfuturegroup.com\/","name":"SeedFuture Group","description":"","publisher":{"@id":"https:\/\/seedfuturegroup.com\/#organization"},"potentialAction":[{"@type":"SearchAction","target":{"@type":"EntryPoint","urlTemplate":"https:\/\/seedfuturegroup.com\/?s={search_term_string}"},"query-input":{"@type":"PropertyValueSpecification","valueRequired":true,"valueName":"search_term_string"}}],"inLanguage":"fr-FR"},{"@type":"Organization","@id":"https:\/\/seedfuturegroup.com\/#organization","name":"SeedFuture Group","url":"https:\/\/seedfuturegroup.com\/","logo":{"@type":"ImageObject","inLanguage":"fr-FR","@id":"https:\/\/seedfuturegroup.com\/#\/schema\/logo\/image\/","url":"https:\/\/seedfuturegroup.com\/wp-content\/uploads\/2025\/09\/logo-seedfuture-v3.svg","contentUrl":"https:\/\/seedfuturegroup.com\/wp-content\/uploads\/2025\/09\/logo-seedfuture-v3.svg","width":100,"height":100,"caption":"SeedFuture Group"},"image":{"@id":"https:\/\/seedfuturegroup.com\/#\/schema\/logo\/image\/"},"sameAs":["https:\/\/www.linkedin.com\/company\/seedfuture\/","https:\/\/www.youtube.com\/@seedfuturegroup"]}]}},"_links":{"self":[{"href":"https:\/\/seedfuturegroup.com\/fr\/wp-json\/wp\/v2\/pages\/9195","targetHints":{"allow":["GET"]}}],"collection":[{"href":"https:\/\/seedfuturegroup.com\/fr\/wp-json\/wp\/v2\/pages"}],"about":[{"href":"https:\/\/seedfuturegroup.com\/fr\/wp-json\/wp\/v2\/types\/page"}],"author":[{"embeddable":true,"href":"https:\/\/seedfuturegroup.com\/fr\/wp-json\/wp\/v2\/users\/1"}],"replies":[{"embeddable":true,"href":"https:\/\/seedfuturegroup.com\/fr\/wp-json\/wp\/v2\/comments?post=9195"}],"version-history":[{"count":2,"href":"https:\/\/seedfuturegroup.com\/fr\/wp-json\/wp\/v2\/pages\/9195\/revisions"}],"predecessor-version":[{"id":9246,"href":"https:\/\/seedfuturegroup.com\/fr\/wp-json\/wp\/v2\/pages\/9195\/revisions\/9246"}],"wp:attachment":[{"href":"https:\/\/seedfuturegroup.com\/fr\/wp-json\/wp\/v2\/media?parent=9195"}],"curies":[{"name":"wp","href":"https:\/\/api.w.org\/{rel}","templated":true}]}}