{"id":9174,"date":"2025-09-01T09:34:30","date_gmt":"2025-09-01T09:34:30","guid":{"rendered":"https:\/\/seedfuturegroup.com\/privacy-policy\/"},"modified":"2026-03-13T08:41:59","modified_gmt":"2026-03-13T08:41:59","slug":"privacy-policy","status":"publish","type":"page","link":"https:\/\/seedfuturegroup.com\/es\/privacy-policy\/","title":{"rendered":"Privacy Policy"},"content":{"rendered":"\t\t<div data-elementor-type=\"wp-page\" data-elementor-id=\"9174\" class=\"elementor elementor-9174 elementor-3\" data-elementor-post-type=\"page\">\n\t\t\t\t<div class=\"elementor-element elementor-element-e9a48cd e-con-full e-flex e-con e-parent\" data-id=\"e9a48cd\" data-element_type=\"container\" data-e-type=\"container\">\n\t\t<div class=\"elementor-element elementor-element-d42e78a e-flex e-con-boxed e-con e-child\" data-id=\"d42e78a\" data-element_type=\"container\" data-e-type=\"container\" data-settings=\"{&quot;background_background&quot;:&quot;classic&quot;}\">\n\t\t\t\t\t<div class=\"e-con-inner\">\n\t\t\t\t\t<\/div>\n\t\t\t\t<\/div>\n\t\t<div class=\"elementor-element elementor-element-b4074b0 e-flex e-con-boxed e-con e-child\" data-id=\"b4074b0\" data-element_type=\"container\" data-e-type=\"container\">\n\t\t\t\t\t<div class=\"e-con-inner\">\n\t\t\t\t<div class=\"elementor-element elementor-element-2d9a992 elementor-widget elementor-widget-text-editor\" data-id=\"2d9a992\" data-element_type=\"widget\" data-e-type=\"widget\" data-widget_type=\"text-editor.default\">\n\t\t\t\t\t\t\t\t\t<p>En esta p\u00e1gina se describe c\u00f3mo gestionar este sitio web con referencia al tratamiento de los datos personales de los usuarios que lo consultan. El tratamiento de los datos se lleva a cabo de conformidad con los criterios establecidos en el Reglamento europeo sobre la protecci\u00f3n de datos personales, Reg. 2016\/679\/UE y en cualquier otra legislaci\u00f3n nacional, medida o Autorizaci\u00f3n de la autoridad competente vinculada al mismo. Con arreglo a la legislaci\u00f3n indicada, el tratamiento debe basarse en los principios de equidad, legalidad y transparencia y de protecci\u00f3n de su confidencialidad y sus derechos.<\/p>\t\t\t\t\t\t\t\t<\/div>\n\t\t\t\t<div class=\"elementor-element elementor-element-cd44956 elementor-widget elementor-widget-text-editor\" data-id=\"cd44956\" data-element_type=\"widget\" data-e-type=\"widget\" data-widget_type=\"text-editor.default\">\n\t\t\t\t\t\t\t\t\t<p>La nota informativa se proporciona \u00fanicamente para el sitio web <strong>www.seedfuturegroup.com<\/strong> y no para otros sitios web que puedan ser consultados por el usuario a trav\u00e9s de enlaces.<\/p>\t\t\t\t\t\t\t\t<\/div>\n\t\t\t\t<div class=\"elementor-element elementor-element-084eb50 elementor-widget elementor-widget-heading\" data-id=\"084eb50\" data-element_type=\"widget\" data-e-type=\"widget\" data-widget_type=\"heading.default\">\n\t\t\t\t\t<h3 class=\"elementor-heading-title elementor-size-default\">El responsable del tratamiento<\/h3>\t\t\t\t<\/div>\n\t\t\t\t<div class=\"elementor-element elementor-element-a720fbf elementor-widget elementor-widget-text-editor\" data-id=\"a720fbf\" data-element_type=\"widget\" data-e-type=\"widget\" data-widget_type=\"text-editor.default\">\n\t\t\t\t\t\t\t\t\t<p>Tras la consulta de este sitio web, podr\u00e1n tratarse datos relativos a personas identificadas o identificables. El responsable del <strong>tratamiento es Agritrade s.r.l.<\/strong>, en la persona de su representante legal pro tempore, D. <strong>Simone Marzari<\/strong>, con domicilio social en Via Monte Baldo 4 \u2013 37069 Villafranca di Verona (VR) Tel. 045\/6340238; Fax 045\/4727324, Correo electr\u00f3nico <a href=\"mailto:info@agritrade.it\">info@agritrade.it<\/a>. <\/p>\t\t\t\t\t\t\t\t<\/div>\n\t\t\t\t<div class=\"elementor-element elementor-element-a9be7c0 elementor-widget elementor-widget-heading\" data-id=\"a9be7c0\" data-element_type=\"widget\" data-e-type=\"widget\" data-widget_type=\"heading.default\">\n\t\t\t\t\t<h3 class=\"elementor-heading-title elementor-size-default\">Lugar de tratamiento de los datos y comunicaci\u00f3n<\/h3>\t\t\t\t<\/div>\n\t\t\t\t<div class=\"elementor-element elementor-element-44d8a58 elementor-widget elementor-widget-text-editor\" data-id=\"44d8a58\" data-element_type=\"widget\" data-e-type=\"widget\" data-widget_type=\"text-editor.default\">\n\t\t\t\t\t\t\t\t\t<p>Las actividades de tratamiento relacionadas con los servicios web de este sitio se llevan a cabo en la mencionada sede de la Sociedad y son manejadas por el personal de la Sociedad y\/o por encargados externos de operaciones de mantenimiento y actualizaci\u00f3n debidamente designados. No se comunica ni difunde ning\u00fan dato derivado del servicio web. <\/p>\t\t\t\t\t\t\t\t<\/div>\n\t\t\t\t<div class=\"elementor-element elementor-element-308bed5 elementor-widget elementor-widget-text-editor\" data-id=\"308bed5\" data-element_type=\"widget\" data-e-type=\"widget\" data-widget_type=\"text-editor.default\">\n\t\t\t\t\t\t\t\t\t<p>Los datos personales facilitados por los usuarios que presenten solicitudes de servicios, prestaciones o informaci\u00f3n se utilizar\u00e1n \u00fanicamente con el fin de prestar el servicio o la prestaci\u00f3n solicitados o de proporcionar la informaci\u00f3n solicitada y se revelar\u00e1n a terceros debidamente designados \u00fanicamente en caso de que ello sea necesario a tal efecto.<\/p>\t\t\t\t\t\t\t\t<\/div>\n\t\t\t\t<div class=\"elementor-element elementor-element-f1e0c94 elementor-widget elementor-widget-heading\" data-id=\"f1e0c94\" data-element_type=\"widget\" data-e-type=\"widget\" data-widget_type=\"heading.default\">\n\t\t\t\t\t<h3 class=\"elementor-heading-title elementor-size-default\">Tipos de datos tratados<\/h3>\t\t\t\t<\/div>\n\t\t\t\t<div class=\"elementor-element elementor-element-b832466 elementor-widget elementor-widget-text-editor\" data-id=\"b832466\" data-element_type=\"widget\" data-e-type=\"widget\" data-widget_type=\"text-editor.default\">\n\t\t\t\t\t\t\t\t\t<p><strong>Datos de navegaci\u00f3n<\/strong><\/p>\t\t\t\t\t\t\t\t<\/div>\n\t\t\t\t<div class=\"elementor-element elementor-element-75b7892 elementor-widget elementor-widget-text-editor\" data-id=\"75b7892\" data-element_type=\"widget\" data-e-type=\"widget\" data-widget_type=\"text-editor.default\">\n\t\t\t\t\t\t\t\t\tLos sistemas inform\u00e1ticos y los procedimientos de software utilizados para el funcionamiento de este sitio web adquieren, durante su funcionamiento normal, ciertos datos personales cuya transmisi\u00f3n est\u00e1 impl\u00edcita en el uso de protocolos de comunicaci\u00f3n de Internet.\t\t\t\t\t\t\t\t<\/div>\n\t\t\t\t<div class=\"elementor-element elementor-element-abe2cb4 elementor-widget elementor-widget-text-editor\" data-id=\"abe2cb4\" data-element_type=\"widget\" data-e-type=\"widget\" data-widget_type=\"text-editor.default\">\n\t\t\t\t\t\t\t\t\t<p>Esta informaci\u00f3n no se recopila para ser asociada con personas afectadas identificadas, sino que se trata de informaci\u00f3n que por su propia naturaleza podr\u00eda, a trav\u00e9s del procesamiento y la asociaci\u00f3n con datos en poder de terceros, permitir la identificaci\u00f3n de los usuarios.<\/p>\t\t\t\t\t\t\t\t<\/div>\n\t\t\t\t<div class=\"elementor-element elementor-element-59e1abc elementor-widget elementor-widget-text-editor\" data-id=\"59e1abc\" data-element_type=\"widget\" data-e-type=\"widget\" data-widget_type=\"text-editor.default\">\n\t\t\t\t\t\t\t\t\tEsta categor\u00eda de datos incluye las direcciones IP o nombres de dominio de los equipos utilizados por los usuarios que se conectan al sitio, las direcciones URI (Uniform Resource Identifier) de los recursos solicitados, la hora de la solicitud, el m\u00e9todo utilizado para enviar la solicitud al servidor, el tama\u00f1o del archivo obtenido en respuesta, el c\u00f3digo num\u00e9rico que indica el estado de la respuesta dada por el servidor (\u00e9xito, error, etc.) y otros par\u00e1metros relacionados con el sistema operativo y el entorno inform\u00e1tico del usuario.\t\t\t\t\t\t\t\t<\/div>\n\t\t\t\t<div class=\"elementor-element elementor-element-d18a974 elementor-widget elementor-widget-text-editor\" data-id=\"d18a974\" data-element_type=\"widget\" data-e-type=\"widget\" data-widget_type=\"text-editor.default\">\n\t\t\t\t\t\t\t\t\tEstos datos se utilizan \u00fanicamente con el fin de obtener informaci\u00f3n estad\u00edstica an\u00f3nima sobre el uso del sitio y para comprobar su correcto funcionamiento. Los datos podr\u00edan utilizarse para determinar la responsabilidad en caso de hipot\u00e9ticos delitos inform\u00e1ticos contra el sitio. Para estos datos, solo para la finalidad antes mencionada, no es necesario solicitar el consentimiento.  \t\t\t\t\t\t\t\t<\/div>\n\t\t\t\t<div class=\"elementor-element elementor-element-2481844 elementor-widget elementor-widget-text-editor\" data-id=\"2481844\" data-element_type=\"widget\" data-e-type=\"widget\" data-widget_type=\"text-editor.default\">\n\t\t\t\t\t\t\t\t\t<p><strong>Datos proporcionados voluntariamente por el usuario<\/strong><\/p>\t\t\t\t\t\t\t\t<\/div>\n\t\t\t\t<div class=\"elementor-element elementor-element-c48fc73 elementor-widget elementor-widget-text-editor\" data-id=\"c48fc73\" data-element_type=\"widget\" data-e-type=\"widget\" data-widget_type=\"text-editor.default\">\n\t\t\t\t\t\t\t\t\tEl env\u00edo opcional, expl\u00edcito y voluntario, de informaci\u00f3n, a trav\u00e9s de los medios de intercambio de informaci\u00f3n como por ejemplo el correo electr\u00f3nico a las direcciones indicadas en este sitio o a trav\u00e9s de la compilaci\u00f3n del formulario de las secciones espec\u00edficas con los campos obligatorios y opcionales, implica la posterior adquisici\u00f3n de la informaci\u00f3n y la direcci\u00f3n del remitente, necesarios para responder a las solicitudes de servicios y\/o informaci\u00f3n. Para estos datos, y s\u00f3lo para la finalidad antes mencionada, no es necesario solicitar el consentimiento. \t\t\t\t\t\t\t\t<\/div>\n\t\t\t\t<div class=\"elementor-element elementor-element-298b3f8 elementor-widget elementor-widget-text-editor\" data-id=\"298b3f8\" data-element_type=\"widget\" data-e-type=\"widget\" data-widget_type=\"text-editor.default\">\n\t\t\t\t\t\t\t\t\t<p><strong>Cookies<\/strong><\/p>\t\t\t\t\t\t\t\t<\/div>\n\t\t\t\t<div class=\"elementor-element elementor-element-c4fc377 elementor-widget elementor-widget-text-editor\" data-id=\"c4fc377\" data-element_type=\"widget\" data-e-type=\"widget\" data-widget_type=\"text-editor.default\">\n\t\t\t\t\t\t\t\t\t<p>El funcionamiento de la cookies del sitio est\u00e1 regulado y descrito en la <strong><u><a href=\"https:\/\/seedfuturegroup.com\/es\/cookie-policy\/\">pol\u00edtica de cookies<\/a><\/u><\/strong> pol\u00edtica de cookies de este sitio.<\/p>\t\t\t\t\t\t\t\t<\/div>\n\t\t\t\t<div class=\"elementor-element elementor-element-ca3e17e elementor-widget elementor-widget-heading\" data-id=\"ca3e17e\" data-element_type=\"widget\" data-e-type=\"widget\" data-widget_type=\"heading.default\">\n\t\t\t\t\t<h3 class=\"elementor-heading-title elementor-size-default\">Suministro opcional de datos<\/h3>\t\t\t\t<\/div>\n\t\t\t\t<div class=\"elementor-element elementor-element-708b323 elementor-widget elementor-widget-text-editor\" data-id=\"708b323\" data-element_type=\"widget\" data-e-type=\"widget\" data-widget_type=\"text-editor.default\">\n\t\t\t\t\t\t\t\t\t<p>Aparte de lo especificado para los datos de navegaci\u00f3n, el usuario es libre de proporcionar datos personales para solicitar servicios y\/o informaci\u00f3n. El hecho de no proporcionarlos puede resultar en la imposibilidad de obtener lo que se requiere. <\/p>\t\t\t\t\t\t\t\t<\/div>\n\t\t\t\t<div class=\"elementor-element elementor-element-09343ad elementor-widget elementor-widget-heading\" data-id=\"09343ad\" data-element_type=\"widget\" data-e-type=\"widget\" data-widget_type=\"heading.default\">\n\t\t\t\t\t<h3 class=\"elementor-heading-title elementor-size-default\">Modalidades de tratamiento<\/h3>\t\t\t\t<\/div>\n\t\t\t\t<div class=\"elementor-element elementor-element-81ca5fa elementor-widget elementor-widget-text-editor\" data-id=\"81ca5fa\" data-element_type=\"widget\" data-e-type=\"widget\" data-widget_type=\"text-editor.default\">\n\t\t\t\t\t\t\t\t\t<p>Los datos personales son tratados por el responsable del tratamiento y por los encargados del tratamiento debidamente designados para el correcto cumplimiento de las finalidades indicadas por medios electr\u00f3nicos y archivos en papel, as\u00ed como con el uso de medidas de seguridad para garantizar la confidencialidad de los datos personales y evitar el acceso indebido a personas no autorizadas. El responsable del tratamiento no utiliza procesos automatizados, incluida la elaboraci\u00f3n de perfiles, para lograr los fines establecidos en esta nota informativa. Dentro del sitio hay una secci\u00f3n dedicada al servicio de \u201cnewsletter\u201c a trav\u00e9s de la cual, introduciendo sus datos de contacto (direcci\u00f3n de correo electr\u00f3nico) podr\u00e1 recibir informaci\u00f3n y ofertas comerciales relacionadas con nuestros productos. Se le garantizar\u00e1 la posibilidad de darse de baja del servicio en cualquier momento.   <\/p>\t\t\t\t\t\t\t\t<\/div>\n\t\t\t\t<div class=\"elementor-element elementor-element-8d46ebb elementor-widget elementor-widget-heading\" data-id=\"8d46ebb\" data-element_type=\"widget\" data-e-type=\"widget\" data-widget_type=\"heading.default\">\n\t\t\t\t\t<h3 class=\"elementor-heading-title elementor-size-default\">Plazos del tratamiento<\/h3>\t\t\t\t<\/div>\n\t\t\t\t<div class=\"elementor-element elementor-element-24af585 elementor-widget elementor-widget-text-editor\" data-id=\"24af585\" data-element_type=\"widget\" data-e-type=\"widget\" data-widget_type=\"text-editor.default\">\n\t\t\t\t\t\t\t\t\tEl Responsable del tratamiento tratar\u00e1 los datos personales durante el tiempo necesario para el cumplimiento de las finalidades anteriormente indicadas y, en todo caso, durante un m\u00e1ximo de 2 a\u00f1os a partir de la adquisici\u00f3n de los datos para fines del tratamiento.\t\t\t\t\t\t\t\t<\/div>\n\t\t\t\t<div class=\"elementor-element elementor-element-9671e9e elementor-widget elementor-widget-heading\" data-id=\"9671e9e\" data-element_type=\"widget\" data-e-type=\"widget\" data-widget_type=\"heading.default\">\n\t\t\t\t\t<h3 class=\"elementor-heading-title elementor-size-default\">\u00c1mbito de la comunicaci\u00f3n y difusi\u00f3n<\/h3>\t\t\t\t<\/div>\n\t\t\t\t<div class=\"elementor-element elementor-element-4ae676e elementor-widget elementor-widget-text-editor\" data-id=\"4ae676e\" data-element_type=\"widget\" data-e-type=\"widget\" data-widget_type=\"text-editor.default\">\n\t\t\t\t\t\t\t\t\tEl responsable del tratamiento declara que sus datos no ser\u00e1n comunicados ni difundidos.\t\t\t\t\t\t\t\t<\/div>\n\t\t\t\t<div class=\"elementor-element elementor-element-1dd9d8a elementor-widget elementor-widget-heading\" data-id=\"1dd9d8a\" data-element_type=\"widget\" data-e-type=\"widget\" data-widget_type=\"heading.default\">\n\t\t\t\t\t<h3 class=\"elementor-heading-title elementor-size-default\">Derechos de los interesados<\/h3>\t\t\t\t<\/div>\n\t\t\t\t<div class=\"elementor-element elementor-element-c9353ee elementor-widget elementor-widget-text-editor\" data-id=\"c9353ee\" data-element_type=\"widget\" data-e-type=\"widget\" data-widget_type=\"text-editor.default\">\n\t\t\t\t\t\t\t\t\t<p>De conformidad con los art\u00edculos 15 \u2013 22 del R.G.P.D., el interesado tiene derecho a solicitar al responsable del tratamiento el acceso a sus datos personales, la correcci\u00f3n o cancelaci\u00f3n de los mismos o la limitaci\u00f3n del tratamiento que le afecte. Asimismo tiene derecho a oponerse a su tratamiento, adem\u00e1s de a solicitar la portabilidad de los datos.<\/p>\t\t\t\t\t\t\t\t<\/div>\n\t\t\t\t<div class=\"elementor-element elementor-element-3a94e09 elementor-widget elementor-widget-text-editor\" data-id=\"3a94e09\" data-element_type=\"widget\" data-e-type=\"widget\" data-widget_type=\"text-editor.default\">\n\t\t\t\t\t\t\t\t\t<p>La solicitud puede hacerse por correo electr\u00f3nico o fax o por correo certificado indicando en el asunto: \u201csolicitud del interesado\u201d especificando en la solicitud el derecho que el interesado desea ejercer (cancelaci\u00f3n, rectificaci\u00f3n, portabilidad u olvido), junto con una direcci\u00f3n de correo electr\u00f3nico\/direcci\u00f3n certificada de correo electr\u00f3nico v\u00e1lida a la que entregar la respuesta.<\/p>\t\t\t\t\t\t\t\t<\/div>\n\t\t\t\t<div class=\"elementor-element elementor-element-641aa47 elementor-widget elementor-widget-text-editor\" data-id=\"641aa47\" data-element_type=\"widget\" data-e-type=\"widget\" data-widget_type=\"text-editor.default\">\n\t\t\t\t\t\t\t\t\t<p>El responsable del tratamiento o, cualquier persona que \u00e9ste designe, proceder\u00e1 a satisfacer la solicitud dentro de los 30 d\u00edas siguientes a la fecha de recepci\u00f3n. Si la respuesta es compleja, el plazo podr\u00eda ampliarse a otros 30 d\u00edas, previa notificaci\u00f3n oportuna a la parte interesada. <\/p>\t\t\t\t\t\t\t\t<\/div>\n\t\t\t\t<div class=\"elementor-element elementor-element-16102c2 elementor-widget elementor-widget-text-editor\" data-id=\"16102c2\" data-element_type=\"widget\" data-e-type=\"widget\" data-widget_type=\"text-editor.default\">\n\t\t\t\t\t\t\t\t\t<p>Si lo considera oportuno para hacer valer sus derechos, podr\u00e1 presentar una queja ante la autoridad supervisora competente, correspondiente al Supervisor Nacional de Protecci\u00f3n de Datos, con sede en Piazza Venezia, 11 \u2013 00187 Roma, <u><a href=\"mailto:garante@gpdp.it\">garante@gpdp.it<\/a><\/u>.<\/p>\t\t\t\t\t\t\t\t<\/div>\n\t\t\t\t<div class=\"elementor-element elementor-element-ce86d39 elementor-widget elementor-widget-text-editor\" data-id=\"ce86d39\" data-element_type=\"widget\" data-e-type=\"widget\" data-widget_type=\"text-editor.default\">\n\t\t\t\t\t\t\t\t\t<p>Fecha de actualizaci\u00f3n, 02\/03\/2020<\/p>\t\t\t\t\t\t\t\t<\/div>\n\t\t\t\t\t<\/div>\n\t\t\t\t<\/div>\n\t\t\t\t<\/div>\n\t\t\t\t<\/div>\n\t\t","protected":false},"excerpt":{"rendered":"<p><span class=\"span-reading-time rt-reading-time\" style=\"display: block;\"><span class=\"rt-label rt-prefix\">Tempo di lettura: <\/span> <span class=\"rt-time\"> 4<\/span> <span class=\"rt-label rt-postfix\">minuti<\/span><\/span>En esta p\u00e1gina se describe c\u00f3mo gestionar este sitio web con referencia al tratamiento de los datos personales de los usuarios que lo consultan. El tratamiento de los datos se lleva a cabo de conformidad con los criterios establecidos en el Reglamento europeo sobre la protecci\u00f3n de datos personales, Reg. 2016\/679\/UE y en cualquier otra [&hellip;]<\/p>\n","protected":false},"author":1,"featured_media":0,"parent":0,"menu_order":0,"comment_status":"closed","ping_status":"open","template":"","meta":{"_acf_changed":false,"inline_featured_image":false,"footnotes":""},"class_list":["post-9174","page","type-page","status-publish","hentry"],"acf":[],"yoast_head":"<!-- This site is optimized with the Yoast SEO plugin v27.1.1 - https:\/\/yoast.com\/product\/yoast-seo-wordpress\/ -->\n<title>Privacy Policy - SeedFutureGroup<\/title>\n<meta name=\"robots\" content=\"index, follow, max-snippet:-1, max-image-preview:large, max-video-preview:-1\" \/>\n<link rel=\"canonical\" href=\"https:\/\/seedfuturegroup.com\/es\/privacy-policy\/\" \/>\n<meta property=\"og:locale\" content=\"es_ES\" \/>\n<meta property=\"og:type\" content=\"article\" \/>\n<meta property=\"og:title\" content=\"Privacy Policy - SeedFutureGroup\" \/>\n<meta property=\"og:description\" content=\"Tempo di lettura:  4 minutiEn esta p\u00e1gina se describe c\u00f3mo gestionar este sitio web con referencia al tratamiento de los datos personales de los usuarios que lo consultan. El tratamiento de los datos se lleva a cabo de conformidad con los criterios establecidos en el Reglamento europeo sobre la protecci\u00f3n de datos personales, Reg. 2016\/679\/UE y en cualquier otra [&hellip;]\" \/>\n<meta property=\"og:url\" content=\"https:\/\/seedfuturegroup.com\/es\/privacy-policy\/\" \/>\n<meta property=\"og:site_name\" content=\"SeedFutureGroup\" \/>\n<meta property=\"article:modified_time\" content=\"2026-03-13T08:41:59+00:00\" \/>\n<meta name=\"twitter:card\" content=\"summary_large_image\" \/>\n<meta name=\"twitter:label1\" content=\"Tiempo de lectura\" \/>\n\t<meta name=\"twitter:data1\" content=\"6 minutos\" \/>\n<script type=\"application\/ld+json\" class=\"yoast-schema-graph\">{\"@context\":\"https:\/\/schema.org\",\"@graph\":[{\"@type\":\"WebPage\",\"@id\":\"https:\/\/seedfuturegroup.com\/es\/privacy-policy\/\",\"url\":\"https:\/\/seedfuturegroup.com\/es\/privacy-policy\/\",\"name\":\"Privacy Policy - SeedFutureGroup\",\"isPartOf\":{\"@id\":\"https:\/\/seedfuturegroup.com\/#website\"},\"datePublished\":\"2025-09-01T09:34:30+00:00\",\"dateModified\":\"2026-03-13T08:41:59+00:00\",\"inLanguage\":\"es\",\"potentialAction\":[{\"@type\":\"ReadAction\",\"target\":[\"https:\/\/seedfuturegroup.com\/es\/privacy-policy\/\"]}]},{\"@type\":\"WebSite\",\"@id\":\"https:\/\/seedfuturegroup.com\/#website\",\"url\":\"https:\/\/seedfuturegroup.com\/\",\"name\":\"SeedFuture Group\",\"description\":\"\",\"publisher\":{\"@id\":\"https:\/\/seedfuturegroup.com\/#organization\"},\"potentialAction\":[{\"@type\":\"SearchAction\",\"target\":{\"@type\":\"EntryPoint\",\"urlTemplate\":\"https:\/\/seedfuturegroup.com\/?s={search_term_string}\"},\"query-input\":{\"@type\":\"PropertyValueSpecification\",\"valueRequired\":true,\"valueName\":\"search_term_string\"}}],\"inLanguage\":\"es\"},{\"@type\":\"Organization\",\"@id\":\"https:\/\/seedfuturegroup.com\/#organization\",\"name\":\"SeedFuture Group\",\"url\":\"https:\/\/seedfuturegroup.com\/\",\"logo\":{\"@type\":\"ImageObject\",\"inLanguage\":\"es\",\"@id\":\"https:\/\/seedfuturegroup.com\/#\/schema\/logo\/image\/\",\"url\":\"https:\/\/seedfuturegroup.com\/wp-content\/uploads\/2025\/09\/logo-seedfuture-v3.svg\",\"contentUrl\":\"https:\/\/seedfuturegroup.com\/wp-content\/uploads\/2025\/09\/logo-seedfuture-v3.svg\",\"width\":100,\"height\":100,\"caption\":\"SeedFuture Group\"},\"image\":{\"@id\":\"https:\/\/seedfuturegroup.com\/#\/schema\/logo\/image\/\"},\"sameAs\":[\"https:\/\/www.linkedin.com\/company\/seedfuture\/\",\"https:\/\/www.youtube.com\/@seedfuturegroup\"]}]}<\/script>\n<!-- \/ Yoast SEO plugin. -->","yoast_head_json":{"title":"Privacy Policy - SeedFutureGroup","robots":{"index":"index","follow":"follow","max-snippet":"max-snippet:-1","max-image-preview":"max-image-preview:large","max-video-preview":"max-video-preview:-1"},"canonical":"https:\/\/seedfuturegroup.com\/es\/privacy-policy\/","og_locale":"es_ES","og_type":"article","og_title":"Privacy Policy - SeedFutureGroup","og_description":"Tempo di lettura:  4 minutiEn esta p\u00e1gina se describe c\u00f3mo gestionar este sitio web con referencia al tratamiento de los datos personales de los usuarios que lo consultan. El tratamiento de los datos se lleva a cabo de conformidad con los criterios establecidos en el Reglamento europeo sobre la protecci\u00f3n de datos personales, Reg. 2016\/679\/UE y en cualquier otra [&hellip;]","og_url":"https:\/\/seedfuturegroup.com\/es\/privacy-policy\/","og_site_name":"SeedFutureGroup","article_modified_time":"2026-03-13T08:41:59+00:00","twitter_card":"summary_large_image","twitter_misc":{"Tiempo de lectura":"6 minutos"},"schema":{"@context":"https:\/\/schema.org","@graph":[{"@type":"WebPage","@id":"https:\/\/seedfuturegroup.com\/es\/privacy-policy\/","url":"https:\/\/seedfuturegroup.com\/es\/privacy-policy\/","name":"Privacy Policy - SeedFutureGroup","isPartOf":{"@id":"https:\/\/seedfuturegroup.com\/#website"},"datePublished":"2025-09-01T09:34:30+00:00","dateModified":"2026-03-13T08:41:59+00:00","inLanguage":"es","potentialAction":[{"@type":"ReadAction","target":["https:\/\/seedfuturegroup.com\/es\/privacy-policy\/"]}]},{"@type":"WebSite","@id":"https:\/\/seedfuturegroup.com\/#website","url":"https:\/\/seedfuturegroup.com\/","name":"SeedFuture Group","description":"","publisher":{"@id":"https:\/\/seedfuturegroup.com\/#organization"},"potentialAction":[{"@type":"SearchAction","target":{"@type":"EntryPoint","urlTemplate":"https:\/\/seedfuturegroup.com\/?s={search_term_string}"},"query-input":{"@type":"PropertyValueSpecification","valueRequired":true,"valueName":"search_term_string"}}],"inLanguage":"es"},{"@type":"Organization","@id":"https:\/\/seedfuturegroup.com\/#organization","name":"SeedFuture Group","url":"https:\/\/seedfuturegroup.com\/","logo":{"@type":"ImageObject","inLanguage":"es","@id":"https:\/\/seedfuturegroup.com\/#\/schema\/logo\/image\/","url":"https:\/\/seedfuturegroup.com\/wp-content\/uploads\/2025\/09\/logo-seedfuture-v3.svg","contentUrl":"https:\/\/seedfuturegroup.com\/wp-content\/uploads\/2025\/09\/logo-seedfuture-v3.svg","width":100,"height":100,"caption":"SeedFuture Group"},"image":{"@id":"https:\/\/seedfuturegroup.com\/#\/schema\/logo\/image\/"},"sameAs":["https:\/\/www.linkedin.com\/company\/seedfuture\/","https:\/\/www.youtube.com\/@seedfuturegroup"]}]}},"_links":{"self":[{"href":"https:\/\/seedfuturegroup.com\/es\/wp-json\/wp\/v2\/pages\/9174","targetHints":{"allow":["GET"]}}],"collection":[{"href":"https:\/\/seedfuturegroup.com\/es\/wp-json\/wp\/v2\/pages"}],"about":[{"href":"https:\/\/seedfuturegroup.com\/es\/wp-json\/wp\/v2\/types\/page"}],"author":[{"embeddable":true,"href":"https:\/\/seedfuturegroup.com\/es\/wp-json\/wp\/v2\/users\/1"}],"replies":[{"embeddable":true,"href":"https:\/\/seedfuturegroup.com\/es\/wp-json\/wp\/v2\/comments?post=9174"}],"version-history":[{"count":2,"href":"https:\/\/seedfuturegroup.com\/es\/wp-json\/wp\/v2\/pages\/9174\/revisions"}],"predecessor-version":[{"id":9309,"href":"https:\/\/seedfuturegroup.com\/es\/wp-json\/wp\/v2\/pages\/9174\/revisions\/9309"}],"wp:attachment":[{"href":"https:\/\/seedfuturegroup.com\/es\/wp-json\/wp\/v2\/media?parent=9174"}],"curies":[{"name":"wp","href":"https:\/\/api.w.org\/{rel}","templated":true}]}}