{"id":7467,"date":"2025-11-14T20:09:49","date_gmt":"2025-11-14T20:09:49","guid":{"rendered":"https:\/\/seedfuturegroup.com\/sistemas-fotovoltaicos\/"},"modified":"2026-01-16T11:17:24","modified_gmt":"2026-01-16T11:17:24","slug":"sistemas-fotovoltaicos","status":"publish","type":"page","link":"https:\/\/seedfuturegroup.com\/es\/sistemas-fotovoltaicos\/","title":{"rendered":"Sistemas fotovoltaicos"},"content":{"rendered":"\t\t<div data-elementor-type=\"wp-page\" data-elementor-id=\"7467\" class=\"elementor elementor-7467 elementor-2856\" data-elementor-post-type=\"page\">\n\t\t\t\t<div class=\"elementor-element elementor-element-463c3bc e-con-full e-flex e-con e-parent\" data-id=\"463c3bc\" data-element_type=\"container\" data-e-type=\"container\">\n\t\t<div class=\"elementor-element elementor-element-c2f37f8 e-con-full e-flex e-con e-child\" data-id=\"c2f37f8\" data-element_type=\"container\" data-e-type=\"container\">\n\t\t<div class=\"elementor-element elementor-element-1826e8e e-con-full e-flex e-con e-child\" data-id=\"1826e8e\" data-element_type=\"container\" data-e-type=\"container\" data-settings=\"{&quot;background_background&quot;:&quot;classic&quot;}\">\n\t\t<div class=\"elementor-element elementor-element-155875a e-flex e-con-boxed e-con e-child\" data-id=\"155875a\" data-element_type=\"container\" data-e-type=\"container\">\n\t\t\t\t\t<div class=\"e-con-inner\">\n\t\t\t\t<div class=\"elementor-element elementor-element-7a154e1 elementor-widget elementor-widget-heading\" data-id=\"7a154e1\" data-element_type=\"widget\" data-e-type=\"widget\" data-widget_type=\"heading.default\">\n\t\t\t\t\t<h1 class=\"elementor-heading-title elementor-size-default\">Soluciones fotovoltaicas<br>para la transici\u00f3n energ\u00e9tica<br>de sus empresas<\/h1>\t\t\t\t<\/div>\n\t\t\t\t\t<\/div>\n\t\t\t\t<\/div>\n\t\t\t\t<\/div>\n\t\t<div class=\"elementor-element elementor-element-7824dbb e-flex e-con-boxed e-con e-child\" data-id=\"7824dbb\" data-element_type=\"container\" data-e-type=\"container\">\n\t\t\t\t\t<div class=\"e-con-inner\">\n\t\t<div class=\"elementor-element elementor-element-eddc7c5 e-con-full e-flex e-con e-child\" data-id=\"eddc7c5\" data-element_type=\"container\" data-e-type=\"container\">\n\t\t\t\t<div class=\"elementor-element elementor-element-c237731 elementor-widget elementor-widget-text-editor\" data-id=\"c237731\" data-element_type=\"widget\" data-e-type=\"widget\" data-widget_type=\"text-editor.default\">\n\t\t\t\t\t\t\t\t\t<p>La energ\u00eda fotovoltaica es una de las herramientas m\u00e1s eficaces para acompa\u00f1ar a las empresas hacia la<br>descarbonizaci\u00f3n y la <strong style=\"color: #f49522;\">autonom\u00eda energ\u00e9tica.<\/strong> <br>Agritrade ofrece soluciones completas para la realizaci\u00f3n <br>de instalaciones fotovoltaicas industriales, operando a lo largo <br>de toda la cadena de suministro: desde el an\u00e1lisis t\u00e9cnico y el dise\u00f1o <br>hasta la obtenci\u00f3n de los permisos y la construcci\u00f3n.<br>Gracias a nuestra experiencia en materia de sostenibilidad, nos ocupamos tanto de instalaciones en tejados,<br>mediante la concesi\u00f3n de un derecho de superficie, como de instalaciones en suelo en terrenos de su propiedad, transform\u00e1ndolos en activos energ\u00e9ticos de alto rendimiento. Cada proyecto se desarrolla de forma integrada, con el objetivo de garantizar un alto rendimiento, la sostenibilidad medioambiental y la rentabilidad econ\u00f3mica a largo plazo.<br>Gracias a un enfoque de ingenier\u00eda s\u00f3lido y a una experiencia <br>consolidada en el sector, podemos acompa\u00f1ar <br>a nuestros socios y clientes industriales en la transici\u00f3n hacia modelos <br>de producci\u00f3n m\u00e1s eficientes, sostenibles y competitivos. <\/p>\t\t\t\t\t\t\t\t<\/div>\n\t\t\t\t<div class=\"elementor-element elementor-element-de29521 elementor-align-left elementor-mobile-align-left elementor-widget elementor-widget-button\" data-id=\"de29521\" data-element_type=\"widget\" data-e-type=\"widget\" data-widget_type=\"button.default\">\n\t\t\t\t\t\t\t\t\t\t<a class=\"elementor-button elementor-button-link elementor-size-sm\" href=\"#elementor-action%3Aaction%3Dpopup%3Aopen%26settings%3DeyJpZCI6NzYyNiwidG9nZ2xlIjpmYWxzZX0%3D\">\n\t\t\t\t\t\t<span class=\"elementor-button-content-wrapper\">\n\t\t\t\t\t\t\t\t\t<span class=\"elementor-button-text\">Contacta con nosotros<\/span>\n\t\t\t\t\t<\/span>\n\t\t\t\t\t<\/a>\n\t\t\t\t\t\t\t\t<\/div>\n\t\t\t\t<\/div>\n\t\t<div class=\"elementor-element elementor-element-2b694af e-con-full e-flex e-con e-child\" data-id=\"2b694af\" data-element_type=\"container\" data-e-type=\"container\">\n\t\t\t\t<div class=\"elementor-element elementor-element-bf09007 elementor-widget elementor-widget-image\" data-id=\"bf09007\" data-element_type=\"widget\" data-e-type=\"widget\" data-widget_type=\"image.default\">\n\t\t\t\t\t\t\t\t\t\t\t\t\t\t\t<img fetchpriority=\"high\" decoding=\"async\" width=\"600\" height=\"794\" src=\"https:\/\/seedfuturegroup.com\/wp-content\/uploads\/2025\/11\/impianti-fotovoltaici-2.png\" class=\"attachment-full size-full wp-image-7455\" alt=\"\" srcset=\"https:\/\/seedfuturegroup.com\/wp-content\/uploads\/2025\/11\/impianti-fotovoltaici-2.png 600w, https:\/\/seedfuturegroup.com\/wp-content\/uploads\/2025\/11\/impianti-fotovoltaici-2-227x300.png 227w\" sizes=\"(max-width: 600px) 100vw, 600px\" \/>\t\t\t\t\t\t\t\t\t\t\t\t\t\t\t<\/div>\n\t\t\t\t<\/div>\n\t\t\t\t\t<\/div>\n\t\t\t\t<\/div>\n\t\t\t\t<\/div>\n\t\t<div class=\"elementor-element elementor-element-cf3dedb e-con-full e-flex e-con e-child\" data-id=\"cf3dedb\" data-element_type=\"container\" data-e-type=\"container\">\n\t\t<div class=\"elementor-element elementor-element-726f025 e-flex e-con-boxed e-con e-child\" data-id=\"726f025\" data-element_type=\"container\" data-e-type=\"container\">\n\t\t\t\t\t<div class=\"e-con-inner\">\n\t\t\t\t<div class=\"elementor-element elementor-element-622b7dd elementor-widget elementor-widget-heading\" data-id=\"622b7dd\" data-element_type=\"widget\" data-e-type=\"widget\" data-widget_type=\"heading.default\">\n\t\t\t\t\t<h1 class=\"elementor-heading-title elementor-size-default\">Video entrevista de Nicol\u00f2 Mezzaro<\/h1>\t\t\t\t<\/div>\n\t\t\t\t\t<\/div>\n\t\t\t\t<\/div>\n\t\t<div class=\"elementor-element elementor-element-0ad0ad2 e-flex e-con-boxed e-con e-child\" data-id=\"0ad0ad2\" data-element_type=\"container\" data-e-type=\"container\">\n\t\t\t\t\t<div class=\"e-con-inner\">\n\t\t\t\t<div class=\"elementor-element elementor-element-12eb721 elementor-widget elementor-widget-video\" data-id=\"12eb721\" data-element_type=\"widget\" data-e-type=\"widget\" data-settings=\"{&quot;youtube_url&quot;:&quot;https:\\\/\\\/youtu.be\\\/FO6bJF0g3yc&quot;,&quot;yt_privacy&quot;:&quot;yes&quot;,&quot;lazy_load&quot;:&quot;yes&quot;,&quot;show_image_overlay&quot;:&quot;yes&quot;,&quot;image_overlay&quot;:{&quot;url&quot;:&quot;https:\\\/\\\/seedfuturegroup.com\\\/wp-content\\\/uploads\\\/2026\\\/01\\\/anteprima-video-intervista-nicolo-mezzaro.jpg&quot;,&quot;id&quot;:7457,&quot;size&quot;:&quot;&quot;,&quot;alt&quot;:&quot;&quot;,&quot;source&quot;:&quot;library&quot;},&quot;video_type&quot;:&quot;youtube&quot;,&quot;controls&quot;:&quot;yes&quot;}\" data-widget_type=\"video.default\">\n\t\t\t\t\t\t\t<div class=\"elementor-wrapper elementor-open-inline\">\n\t\t\t<div class=\"elementor-video\"><\/div>\t\t\t\t<div class=\"elementor-custom-embed-image-overlay\" style=\"background-image: url(https:\/\/seedfuturegroup.com\/wp-content\/uploads\/2026\/01\/anteprima-video-intervista-nicolo-mezzaro.jpg);\">\n\t\t\t\t\t\t\t\t\t\t\t\t\t\t\t\t<div class=\"elementor-custom-embed-play\" role=\"button\" aria-label=\"Reproducir v\u00eddeo\" tabindex=\"0\">\n\t\t\t\t\t\t\t<svg aria-hidden=\"true\" class=\"e-font-icon-svg e-eicon-play\" viewBox=\"0 0 1000 1000\" xmlns=\"http:\/\/www.w3.org\/2000\/svg\"><path d=\"M838 162C746 71 633 25 500 25 371 25 258 71 163 162 71 254 25 367 25 500 25 633 71 746 163 837 254 929 367 979 500 979 633 979 746 933 838 837 929 746 975 633 975 500 975 367 929 254 838 162M808 192C892 279 933 379 933 500 933 621 892 725 808 808 725 892 621 938 500 938 379 938 279 896 196 808 113 725 67 621 67 500 67 379 108 279 196 192 279 108 383 62 500 62 621 62 721 108 808 192M438 392V642L642 517 438 392Z\"><\/path><\/svg>\t\t\t\t\t\t<\/div>\n\t\t\t\t\t\t\t\t\t<\/div>\n\t\t\t\t\t<\/div>\n\t\t\t\t\t\t<\/div>\n\t\t\t\t\t<\/div>\n\t\t\t\t<\/div>\n\t\t\t\t<\/div>\n\t\t\t\t<\/div>\n\t\t\t\t<\/div>\n\t\t","protected":false},"excerpt":{"rendered":"<p><span class=\"span-reading-time rt-reading-time\" style=\"display: block;\"><span class=\"rt-label rt-prefix\">Tempo di lettura: <\/span> <span class=\"rt-time\"> &lt; 1<\/span> <span class=\"rt-label rt-postfix\">minuto<\/span><\/span>Soluciones fotovoltaicaspara la transici\u00f3n energ\u00e9ticade sus empresas La energ\u00eda fotovoltaica es una de las herramientas m\u00e1s eficaces para acompa\u00f1ar a las empresas hacia ladescarbonizaci\u00f3n y la autonom\u00eda energ\u00e9tica. Agritrade ofrece soluciones completas para la realizaci\u00f3n de instalaciones fotovoltaicas industriales, operando a lo largo de toda la cadena de suministro: desde el an\u00e1lisis t\u00e9cnico y el [&hellip;]<\/p>\n","protected":false},"author":1,"featured_media":0,"parent":0,"menu_order":0,"comment_status":"closed","ping_status":"closed","template":"","meta":{"_acf_changed":false,"inline_featured_image":false,"footnotes":""},"class_list":["post-7467","page","type-page","status-publish","hentry"],"acf":[],"yoast_head":"<!-- This site is optimized with the Yoast SEO plugin v27.1.1 - https:\/\/yoast.com\/product\/yoast-seo-wordpress\/ -->\n<title>Sistemas fotovoltaicos - SeedFutureGroup<\/title>\n<meta name=\"robots\" content=\"index, follow, max-snippet:-1, max-image-preview:large, max-video-preview:-1\" \/>\n<link rel=\"canonical\" href=\"https:\/\/seedfuturegroup.com\/es\/sistemas-fotovoltaicos\/\" \/>\n<meta property=\"og:locale\" content=\"es_ES\" \/>\n<meta property=\"og:type\" content=\"article\" \/>\n<meta property=\"og:title\" content=\"Sistemas fotovoltaicos - SeedFutureGroup\" \/>\n<meta property=\"og:description\" content=\"Tempo di lettura:  &lt; 1 minutoSoluciones fotovoltaicaspara la transici\u00f3n energ\u00e9ticade sus empresas La energ\u00eda fotovoltaica es una de las herramientas m\u00e1s eficaces para acompa\u00f1ar a las empresas hacia ladescarbonizaci\u00f3n y la autonom\u00eda energ\u00e9tica. Agritrade ofrece soluciones completas para la realizaci\u00f3n de instalaciones fotovoltaicas industriales, operando a lo largo de toda la cadena de suministro: desde el an\u00e1lisis t\u00e9cnico y el [&hellip;]\" \/>\n<meta property=\"og:url\" content=\"https:\/\/seedfuturegroup.com\/es\/sistemas-fotovoltaicos\/\" \/>\n<meta property=\"og:site_name\" content=\"SeedFutureGroup\" \/>\n<meta property=\"article:modified_time\" content=\"2026-01-16T11:17:24+00:00\" \/>\n<meta property=\"og:image\" content=\"https:\/\/seedfuturegroup.com\/wp-content\/uploads\/2025\/11\/impianti-fotovoltaici-2.png\" \/>\n\t<meta property=\"og:image:width\" content=\"600\" \/>\n\t<meta property=\"og:image:height\" content=\"794\" \/>\n\t<meta property=\"og:image:type\" content=\"image\/png\" \/>\n<meta name=\"twitter:card\" content=\"summary_large_image\" \/>\n<meta name=\"twitter:label1\" content=\"Tiempo de lectura\" \/>\n\t<meta name=\"twitter:data1\" content=\"1 minuto\" \/>\n<script type=\"application\/ld+json\" class=\"yoast-schema-graph\">{\"@context\":\"https:\/\/schema.org\",\"@graph\":[{\"@type\":\"WebPage\",\"@id\":\"https:\/\/seedfuturegroup.com\/es\/sistemas-fotovoltaicos\/\",\"url\":\"https:\/\/seedfuturegroup.com\/es\/sistemas-fotovoltaicos\/\",\"name\":\"Sistemas fotovoltaicos - SeedFutureGroup\",\"isPartOf\":{\"@id\":\"https:\/\/seedfuturegroup.com\/#website\"},\"primaryImageOfPage\":{\"@id\":\"https:\/\/seedfuturegroup.com\/es\/sistemas-fotovoltaicos\/#primaryimage\"},\"image\":{\"@id\":\"https:\/\/seedfuturegroup.com\/es\/sistemas-fotovoltaicos\/#primaryimage\"},\"thumbnailUrl\":\"https:\/\/seedfuturegroup.com\/wp-content\/uploads\/2025\/11\/impianti-fotovoltaici-2.png\",\"datePublished\":\"2025-11-14T20:09:49+00:00\",\"dateModified\":\"2026-01-16T11:17:24+00:00\",\"inLanguage\":\"es\",\"potentialAction\":[{\"@type\":\"ReadAction\",\"target\":[\"https:\/\/seedfuturegroup.com\/es\/sistemas-fotovoltaicos\/\"]}]},{\"@type\":\"ImageObject\",\"inLanguage\":\"es\",\"@id\":\"https:\/\/seedfuturegroup.com\/es\/sistemas-fotovoltaicos\/#primaryimage\",\"url\":\"https:\/\/seedfuturegroup.com\/wp-content\/uploads\/2025\/11\/impianti-fotovoltaici-2.png\",\"contentUrl\":\"https:\/\/seedfuturegroup.com\/wp-content\/uploads\/2025\/11\/impianti-fotovoltaici-2.png\"},{\"@type\":\"WebSite\",\"@id\":\"https:\/\/seedfuturegroup.com\/#website\",\"url\":\"https:\/\/seedfuturegroup.com\/\",\"name\":\"SeedFuture Group\",\"description\":\"\",\"publisher\":{\"@id\":\"https:\/\/seedfuturegroup.com\/#organization\"},\"potentialAction\":[{\"@type\":\"SearchAction\",\"target\":{\"@type\":\"EntryPoint\",\"urlTemplate\":\"https:\/\/seedfuturegroup.com\/?s={search_term_string}\"},\"query-input\":{\"@type\":\"PropertyValueSpecification\",\"valueRequired\":true,\"valueName\":\"search_term_string\"}}],\"inLanguage\":\"es\"},{\"@type\":\"Organization\",\"@id\":\"https:\/\/seedfuturegroup.com\/#organization\",\"name\":\"SeedFuture Group\",\"url\":\"https:\/\/seedfuturegroup.com\/\",\"logo\":{\"@type\":\"ImageObject\",\"inLanguage\":\"es\",\"@id\":\"https:\/\/seedfuturegroup.com\/#\/schema\/logo\/image\/\",\"url\":\"https:\/\/seedfuturegroup.com\/wp-content\/uploads\/2025\/09\/logo-seedfuture-v3.svg\",\"contentUrl\":\"https:\/\/seedfuturegroup.com\/wp-content\/uploads\/2025\/09\/logo-seedfuture-v3.svg\",\"width\":100,\"height\":100,\"caption\":\"SeedFuture Group\"},\"image\":{\"@id\":\"https:\/\/seedfuturegroup.com\/#\/schema\/logo\/image\/\"},\"sameAs\":[\"https:\/\/www.linkedin.com\/company\/seedfuture\/\",\"https:\/\/www.youtube.com\/@seedfuturegroup\"]}]}<\/script>\n<!-- \/ Yoast SEO plugin. -->","yoast_head_json":{"title":"Sistemas fotovoltaicos - SeedFutureGroup","robots":{"index":"index","follow":"follow","max-snippet":"max-snippet:-1","max-image-preview":"max-image-preview:large","max-video-preview":"max-video-preview:-1"},"canonical":"https:\/\/seedfuturegroup.com\/es\/sistemas-fotovoltaicos\/","og_locale":"es_ES","og_type":"article","og_title":"Sistemas fotovoltaicos - SeedFutureGroup","og_description":"Tempo di lettura:  &lt; 1 minutoSoluciones fotovoltaicaspara la transici\u00f3n energ\u00e9ticade sus empresas La energ\u00eda fotovoltaica es una de las herramientas m\u00e1s eficaces para acompa\u00f1ar a las empresas hacia ladescarbonizaci\u00f3n y la autonom\u00eda energ\u00e9tica. Agritrade ofrece soluciones completas para la realizaci\u00f3n de instalaciones fotovoltaicas industriales, operando a lo largo de toda la cadena de suministro: desde el an\u00e1lisis t\u00e9cnico y el [&hellip;]","og_url":"https:\/\/seedfuturegroup.com\/es\/sistemas-fotovoltaicos\/","og_site_name":"SeedFutureGroup","article_modified_time":"2026-01-16T11:17:24+00:00","og_image":[{"width":600,"height":794,"url":"https:\/\/seedfuturegroup.com\/wp-content\/uploads\/2025\/11\/impianti-fotovoltaici-2.png","type":"image\/png"}],"twitter_card":"summary_large_image","twitter_misc":{"Tiempo de lectura":"1 minuto"},"schema":{"@context":"https:\/\/schema.org","@graph":[{"@type":"WebPage","@id":"https:\/\/seedfuturegroup.com\/es\/sistemas-fotovoltaicos\/","url":"https:\/\/seedfuturegroup.com\/es\/sistemas-fotovoltaicos\/","name":"Sistemas fotovoltaicos - SeedFutureGroup","isPartOf":{"@id":"https:\/\/seedfuturegroup.com\/#website"},"primaryImageOfPage":{"@id":"https:\/\/seedfuturegroup.com\/es\/sistemas-fotovoltaicos\/#primaryimage"},"image":{"@id":"https:\/\/seedfuturegroup.com\/es\/sistemas-fotovoltaicos\/#primaryimage"},"thumbnailUrl":"https:\/\/seedfuturegroup.com\/wp-content\/uploads\/2025\/11\/impianti-fotovoltaici-2.png","datePublished":"2025-11-14T20:09:49+00:00","dateModified":"2026-01-16T11:17:24+00:00","inLanguage":"es","potentialAction":[{"@type":"ReadAction","target":["https:\/\/seedfuturegroup.com\/es\/sistemas-fotovoltaicos\/"]}]},{"@type":"ImageObject","inLanguage":"es","@id":"https:\/\/seedfuturegroup.com\/es\/sistemas-fotovoltaicos\/#primaryimage","url":"https:\/\/seedfuturegroup.com\/wp-content\/uploads\/2025\/11\/impianti-fotovoltaici-2.png","contentUrl":"https:\/\/seedfuturegroup.com\/wp-content\/uploads\/2025\/11\/impianti-fotovoltaici-2.png"},{"@type":"WebSite","@id":"https:\/\/seedfuturegroup.com\/#website","url":"https:\/\/seedfuturegroup.com\/","name":"SeedFuture Group","description":"","publisher":{"@id":"https:\/\/seedfuturegroup.com\/#organization"},"potentialAction":[{"@type":"SearchAction","target":{"@type":"EntryPoint","urlTemplate":"https:\/\/seedfuturegroup.com\/?s={search_term_string}"},"query-input":{"@type":"PropertyValueSpecification","valueRequired":true,"valueName":"search_term_string"}}],"inLanguage":"es"},{"@type":"Organization","@id":"https:\/\/seedfuturegroup.com\/#organization","name":"SeedFuture Group","url":"https:\/\/seedfuturegroup.com\/","logo":{"@type":"ImageObject","inLanguage":"es","@id":"https:\/\/seedfuturegroup.com\/#\/schema\/logo\/image\/","url":"https:\/\/seedfuturegroup.com\/wp-content\/uploads\/2025\/09\/logo-seedfuture-v3.svg","contentUrl":"https:\/\/seedfuturegroup.com\/wp-content\/uploads\/2025\/09\/logo-seedfuture-v3.svg","width":100,"height":100,"caption":"SeedFuture Group"},"image":{"@id":"https:\/\/seedfuturegroup.com\/#\/schema\/logo\/image\/"},"sameAs":["https:\/\/www.linkedin.com\/company\/seedfuture\/","https:\/\/www.youtube.com\/@seedfuturegroup"]}]}},"_links":{"self":[{"href":"https:\/\/seedfuturegroup.com\/es\/wp-json\/wp\/v2\/pages\/7467","targetHints":{"allow":["GET"]}}],"collection":[{"href":"https:\/\/seedfuturegroup.com\/es\/wp-json\/wp\/v2\/pages"}],"about":[{"href":"https:\/\/seedfuturegroup.com\/es\/wp-json\/wp\/v2\/types\/page"}],"author":[{"embeddable":true,"href":"https:\/\/seedfuturegroup.com\/es\/wp-json\/wp\/v2\/users\/1"}],"replies":[{"embeddable":true,"href":"https:\/\/seedfuturegroup.com\/es\/wp-json\/wp\/v2\/comments?post=7467"}],"version-history":[{"count":3,"href":"https:\/\/seedfuturegroup.com\/es\/wp-json\/wp\/v2\/pages\/7467\/revisions"}],"predecessor-version":[{"id":7479,"href":"https:\/\/seedfuturegroup.com\/es\/wp-json\/wp\/v2\/pages\/7467\/revisions\/7479"}],"wp:attachment":[{"href":"https:\/\/seedfuturegroup.com\/es\/wp-json\/wp\/v2\/media?parent=7467"}],"curies":[{"name":"wp","href":"https:\/\/api.w.org\/{rel}","templated":true}]}}