{"id":9230,"date":"2025-09-01T09:34:30","date_gmt":"2025-09-01T09:34:30","guid":{"rendered":"https:\/\/seedfuturegroup.com\/privacy-policy\/"},"modified":"2026-03-12T11:51:17","modified_gmt":"2026-03-12T11:51:17","slug":"privacy-policy","status":"publish","type":"page","link":"https:\/\/seedfuturegroup.com\/de\/privacy-policy\/","title":{"rendered":"Privacy Policy"},"content":{"rendered":"\t\t<div data-elementor-type=\"wp-page\" data-elementor-id=\"9230\" class=\"elementor elementor-9230 elementor-3\" data-elementor-post-type=\"page\">\n\t\t\t\t<div class=\"elementor-element elementor-element-e9a48cd e-con-full e-flex e-con e-parent\" data-id=\"e9a48cd\" data-element_type=\"container\" data-e-type=\"container\">\n\t\t<div class=\"elementor-element elementor-element-d42e78a e-flex e-con-boxed e-con e-child\" data-id=\"d42e78a\" data-element_type=\"container\" data-e-type=\"container\" data-settings=\"{&quot;background_background&quot;:&quot;classic&quot;}\">\n\t\t\t\t\t<div class=\"e-con-inner\">\n\t\t\t\t\t<\/div>\n\t\t\t\t<\/div>\n\t\t<div class=\"elementor-element elementor-element-b4074b0 e-flex e-con-boxed e-con e-child\" data-id=\"b4074b0\" data-element_type=\"container\" data-e-type=\"container\">\n\t\t\t\t\t<div class=\"e-con-inner\">\n\t\t\t\t<div class=\"elementor-element elementor-element-2d9a992 elementor-widget elementor-widget-text-editor\" data-id=\"2d9a992\" data-element_type=\"widget\" data-e-type=\"widget\" data-widget_type=\"text-editor.default\">\n\t\t\t\t\t\t\t\t\t<p>Auf dieser Seite wird die Art und Weise der Verwaltung dieser Website betreffend die Verarbeitung der personenbezogenen Daten der Nutzer, die die Seite aufrufen, beschrieben. Die Verarbeitung der Daten erfolgt nach den Kriterien der Europ\u00e4ischen Verordnung zum Schutz personenbezogener Daten 2016\/679\/EU und nach allen anderen damit verbundenen nationalen Rechtsvorschriften, Ma\u00dfnahmen oder Vorgabeen der zust\u00e4ndigen Beh\u00f6rde. Gem\u00e4\u00df der angegebenen Gesetzgebung muss die Verarbeitung auf den Grunds\u00e4tzen der Fairness, Rechtm\u00e4\u00dfigkeit und Transparenz sowie dem Schutz Ihrer Vertraulichkeit und Ihrer Rechte erfolgen.<\/p>\t\t\t\t\t\t\t\t<\/div>\n\t\t\t\t<div class=\"elementor-element elementor-element-cd44956 elementor-widget elementor-widget-text-editor\" data-id=\"cd44956\" data-element_type=\"widget\" data-e-type=\"widget\" data-widget_type=\"text-editor.default\">\n\t\t\t\t\t\t\t\t\t<p>Dieses Informationsschreiben gilt nur f\u00fcr die Website <strong>www.seedfuturegroup.com<\/strong> und nicht f\u00fcr andere Websites, die vom Benutzer \u00fcber Links aufgerufen werden k\u00f6nnen.<\/p>\t\t\t\t\t\t\t\t<\/div>\n\t\t\t\t<div class=\"elementor-element elementor-element-084eb50 elementor-widget elementor-widget-heading\" data-id=\"084eb50\" data-element_type=\"widget\" data-e-type=\"widget\" data-widget_type=\"heading.default\">\n\t\t\t\t\t<h3 class=\"elementor-heading-title elementor-size-default\">Der verantwortliche<\/h3>\t\t\t\t<\/div>\n\t\t\t\t<div class=\"elementor-element elementor-element-a720fbf elementor-widget elementor-widget-text-editor\" data-id=\"a720fbf\" data-element_type=\"widget\" data-e-type=\"widget\" data-widget_type=\"text-editor.default\">\n\t\t\t\t\t\t\t\t\t<p>Nach dem Besuch dieser Website k\u00f6nnen Daten \u00fcber identifizierte oder identifizierbare Personen verarbeitet werden. <strong>Verantwortlicher ist die Agritrade s.r.l.<\/strong> mit dem gesetzlichen Vertreter pro tempore, Dr. <strong>Simone Marzari<\/strong>, Sitz in Via Monte Baldo 4, 37069 Villafranca di Verona (VR), Tel. 045\/6340238, Fax 045\/4727324, E-Mail <a href=\"mailto:info@agritrade.it\">info@agritrade.it<\/a>. <\/p>\t\t\t\t\t\t\t\t<\/div>\n\t\t\t\t<div class=\"elementor-element elementor-element-a9be7c0 elementor-widget elementor-widget-heading\" data-id=\"a9be7c0\" data-element_type=\"widget\" data-e-type=\"widget\" data-widget_type=\"heading.default\">\n\t\t\t\t\t<h3 class=\"elementor-heading-title elementor-size-default\">Ort der datenverarbeitung und kommunikation<\/h3>\t\t\t\t<\/div>\n\t\t\t\t<div class=\"elementor-element elementor-element-44d8a58 elementor-widget elementor-widget-text-editor\" data-id=\"44d8a58\" data-element_type=\"widget\" data-e-type=\"widget\" data-widget_type=\"text-editor.default\">\n\t\t\t\t\t\t\t\t\t<p>Die Verarbeitung im Zusammenhang mit den Services dieser Website erfolgt am oben genannten Hauptsitz des Unternehmens und wird von dessen Mitarbeitern und\/oder ordnungsgem\u00e4\u00df ernannten externen Wartungs- und Aktualisierungsbeauftragten durchgef\u00fchrt. Es werden keine vom Webservice abgeleiteten Daten \u00fcbermittelt oder verbreitet. <\/p>\t\t\t\t\t\t\t\t<\/div>\n\t\t\t\t<div class=\"elementor-element elementor-element-308bed5 elementor-widget elementor-widget-text-editor\" data-id=\"308bed5\" data-element_type=\"widget\" data-e-type=\"widget\" data-widget_type=\"text-editor.default\">\n\t\t\t\t\t\t\t\t\t<p>Personenbezogene Daten, die von Nutzern zur Verf\u00fcgung gestellt werden, die Anfragen betreffend Dienste, Leistungen oder Informationen \u00fcbermitteln, d\u00fcrfen nur zum Zweck der Erbringung des angeforderten Dienstes oder der Leistung oder zur Bereitstellung der angeforderten Informationen verwendet und lediglich an ordnungsgem\u00e4\u00df ernannte Dritte weitergegeben werden, wenn dies f\u00fcr diesen Zweck erforderlich ist.<\/p>\t\t\t\t\t\t\t\t<\/div>\n\t\t\t\t<div class=\"elementor-element elementor-element-f1e0c94 elementor-widget elementor-widget-heading\" data-id=\"f1e0c94\" data-element_type=\"widget\" data-e-type=\"widget\" data-widget_type=\"heading.default\">\n\t\t\t\t\t<h3 class=\"elementor-heading-title elementor-size-default\">Arten der verarbeiteten daten<\/h3>\t\t\t\t<\/div>\n\t\t\t\t<div class=\"elementor-element elementor-element-b832466 elementor-widget elementor-widget-text-editor\" data-id=\"b832466\" data-element_type=\"widget\" data-e-type=\"widget\" data-widget_type=\"text-editor.default\">\n\t\t\t\t\t\t\t\t\t<p><strong>Navigationsdaten<\/strong><\/p>\t\t\t\t\t\t\t\t<\/div>\n\t\t\t\t<div class=\"elementor-element elementor-element-75b7892 elementor-widget elementor-widget-text-editor\" data-id=\"75b7892\" data-element_type=\"widget\" data-e-type=\"widget\" data-widget_type=\"text-editor.default\">\n\t\t\t\t\t\t\t\t\tDie Computersysteme und Softwareverfahren, die f\u00fcr die Funktionst\u00fcchtigkeit dieser Website verwendet werden, erfassen w\u00e4hrend ihres normalen Betriebs bestimmte personenbezogene Daten, deren \u00dcbermittlung mit der Verwendung von Internet-Kommunikationsprotokollen verbunden ist.\t\t\t\t\t\t\t\t<\/div>\n\t\t\t\t<div class=\"elementor-element elementor-element-abe2cb4 elementor-widget elementor-widget-text-editor\" data-id=\"abe2cb4\" data-element_type=\"widget\" data-e-type=\"widget\" data-widget_type=\"text-editor.default\">\n\t\t\t\t\t\t\t\t\t<p>Diese Informationen werden nicht erhoben, um mit identifizierten betroffenen Personen in Verbindung gebracht zu werden, sondern k\u00f6nnten aufgrund ihrer Art durch die Verarbeitung und Verkn\u00fcpfung mit Daten, die sich im Besitz Dritter befinden, eine Identifizierung der Nutzer erm\u00f6glichen.<\/p>\t\t\t\t\t\t\t\t<\/div>\n\t\t\t\t<div class=\"elementor-element elementor-element-59e1abc elementor-widget elementor-widget-text-editor\" data-id=\"59e1abc\" data-element_type=\"widget\" data-e-type=\"widget\" data-widget_type=\"text-editor.default\">\n\t\t\t\t\t\t\t\t\tDiese Kategorie von Daten umfasst die IP-Adressen oder Domainnamen der Computer, die von Benutzern verwendet werden, die sich mit der Website verbinden, die URI-Adressen (Uniform Resource Identifier) der angeforderten Ressourcen, den Zeitpunkt der Anfragen, die Methode, die verwendet wird, um die Anforderung an den Server zu senden, die Gr\u00f6\u00dfe der als Antwort erhaltenen Datei, den numerischen Code, der den Status der vom Server gegebenen Antwort angibt (erfolgreich, Fehler usw.) und andere Parameter, die sich auf das Betriebssystem und die Computerumgebung des Benutzers beziehen.\t\t\t\t\t\t\t\t<\/div>\n\t\t\t\t<div class=\"elementor-element elementor-element-d18a974 elementor-widget elementor-widget-text-editor\" data-id=\"d18a974\" data-element_type=\"widget\" data-e-type=\"widget\" data-widget_type=\"text-editor.default\">\n\t\t\t\t\t\t\t\t\tDiese Daten werden ausschlie\u00dflich zu dem Zweck verwendet, anonyme statistische Informationen \u00fcber die Nutzung der Website zu erhalten und ihre ordnungsgem\u00e4\u00dfe Funktion zu \u00fcberpr\u00fcfen. Die Daten k\u00f6nnten verwendet werden, um die Haftung im Falle eventueller Computerverbrechen gegen die Website zu kl\u00e4ren. F\u00fcr diese Daten ben\u00f6tigen Sie nur f\u00fcr den oben genannten Zweck keine Einwilligung.  \t\t\t\t\t\t\t\t<\/div>\n\t\t\t\t<div class=\"elementor-element elementor-element-2481844 elementor-widget elementor-widget-text-editor\" data-id=\"2481844\" data-element_type=\"widget\" data-e-type=\"widget\" data-widget_type=\"text-editor.default\">\n\t\t\t\t\t\t\t\t\t<p><strong>Vom Nutzer freiwillig zur Verf\u00fcgung gestellte Daten<\/strong><\/p>\t\t\t\t\t\t\t\t<\/div>\n\t\t\t\t<div class=\"elementor-element elementor-element-c48fc73 elementor-widget elementor-widget-text-editor\" data-id=\"c48fc73\" data-element_type=\"widget\" data-e-type=\"widget\" data-widget_type=\"text-editor.default\">\n\t\t\t\t\t\t\t\t\tDie optionale, ausdr\u00fcckliche und freiwillige \u00dcbermittlung durch Kommunikationsmittel wie E-Mail an die auf dieser Website angegebenen Adressen oder das Ausf\u00fcllen der Felder mit den Pflicht- und freiwilligen Feldern der einzelnen Abschnitte f\u00fchrt zur anschlie\u00dfenden Erfassung der Informationen und der Adresse des Absenders, die f\u00fcr die Beantwortung von Anfragen nach Dienstleistungen und\/oder Informationen erforderlich sind. F\u00fcr diese Daten und nur f\u00fcr den vorgenannten Zweck wird keine Einwilligung ben\u00f6tigt. \t\t\t\t\t\t\t\t<\/div>\n\t\t\t\t<div class=\"elementor-element elementor-element-298b3f8 elementor-widget elementor-widget-text-editor\" data-id=\"298b3f8\" data-element_type=\"widget\" data-e-type=\"widget\" data-widget_type=\"text-editor.default\">\n\t\t\t\t\t\t\t\t\t<p><strong>Cookies<\/strong><\/p>\t\t\t\t\t\t\t\t<\/div>\n\t\t\t\t<div class=\"elementor-element elementor-element-c4fc377 elementor-widget elementor-widget-text-editor\" data-id=\"c4fc377\" data-element_type=\"widget\" data-e-type=\"widget\" data-widget_type=\"text-editor.default\">\n\t\t\t\t\t\t\t\t\t<p>Die Verwendung von Cookies auf der Website ist in der <strong><u><a href=\"https:\/\/seedfuturegroup.com\/de\/cookie-policy\/\">Cookie-Richtlinie<\/a><\/u><\/strong> auf dieser Website geregelt und beschrieben.<\/p>\t\t\t\t\t\t\t\t<\/div>\n\t\t\t\t<div class=\"elementor-element elementor-element-ca3e17e elementor-widget elementor-widget-heading\" data-id=\"ca3e17e\" data-element_type=\"widget\" data-e-type=\"widget\" data-widget_type=\"heading.default\">\n\t\t\t\t\t<h3 class=\"elementor-heading-title elementor-size-default\">Optionale \u00fcbermittlung von daten<\/h3>\t\t\t\t<\/div>\n\t\t\t\t<div class=\"elementor-element elementor-element-708b323 elementor-widget elementor-widget-text-editor\" data-id=\"708b323\" data-element_type=\"widget\" data-e-type=\"widget\" data-widget_type=\"text-editor.default\">\n\t\t\t\t\t\t\t\t\t<p>Dem Nutzer steht es frei, neben den Navigationsdaten personenbezogene Daten zur Anforderung von Diensten und\/oder Informationen zur Verf\u00fcgung zu stellen. Erfolgt die Bereitstellung nicht, kann dadurch evtl. die Anfrage nicht bearbeitet werden. <\/p>\t\t\t\t\t\t\t\t<\/div>\n\t\t\t\t<div class=\"elementor-element elementor-element-09343ad elementor-widget elementor-widget-heading\" data-id=\"09343ad\" data-element_type=\"widget\" data-e-type=\"widget\" data-widget_type=\"heading.default\">\n\t\t\t\t\t<h3 class=\"elementor-heading-title elementor-size-default\">Verarbeitungsmethoden<\/h3>\t\t\t\t<\/div>\n\t\t\t\t<div class=\"elementor-element elementor-element-81ca5fa elementor-widget elementor-widget-text-editor\" data-id=\"81ca5fa\" data-element_type=\"widget\" data-e-type=\"widget\" data-widget_type=\"text-editor.default\">\n\t\t\t\t\t\t\t\t\t<p>Personenbezogene Daten werden vom f\u00fcr die Verarbeitung Verantwortlichen und von ordnungsgem\u00e4\u00df beauftragten Datenverarbeitern zur korrekten Erf\u00fcllung der durch elektronische Mittel und Papierarchive angegebenen Zwecke sowie unter Anwendung von Sicherheitsma\u00dfnahmen verarbeitet, um die Vertraulichkeit personenbezogener Daten zu gew\u00e4hrleisten und einen unzul\u00e4ssigen Zugriff durch Unbefugte zu vermeiden. Der f\u00fcr die Verarbeitung Verantwortliche verwendet keine automatisierten Prozesse einschlie\u00dflich Profiling, um die in diesem Informationsschreiben genannten Zwecke zu erf\u00fcllen. Innerhalb der Website gibt es einen Bereich f\u00fcr den \u201cNewsletter\u201d, \u00fcber den Sie durch Eingabe Ihrer Kontaktdaten (E-Mail-Adresse) Informationen und kommerzielle Angebote zu unseren Produkten erhalten k\u00f6nnen. Sie haben jederzeit die M\u00f6glichkeit, sich von diesem Service abzumelden.   <\/p>\t\t\t\t\t\t\t\t<\/div>\n\t\t\t\t<div class=\"elementor-element elementor-element-8d46ebb elementor-widget elementor-widget-heading\" data-id=\"8d46ebb\" data-element_type=\"widget\" data-e-type=\"widget\" data-widget_type=\"heading.default\">\n\t\t\t\t\t<h3 class=\"elementor-heading-title elementor-size-default\">Bedingungen f\u00fcr die verarbeitung<\/h3>\t\t\t\t<\/div>\n\t\t\t\t<div class=\"elementor-element elementor-element-24af585 elementor-widget elementor-widget-text-editor\" data-id=\"24af585\" data-element_type=\"widget\" data-e-type=\"widget\" data-widget_type=\"text-editor.default\">\n\t\t\t\t\t\t\t\t\tDer Verantwortliche verarbeitet personenbezogene Daten f\u00fcr die Zeit, die zur Erf\u00fcllung der oben genannten Zwecke erforderlich ist, in jedem Fall jedoch nicht l\u00e4nger als 2 Jahre ab der Erfassung der Daten f\u00fcr die Zwecke der Verarbeitung.\t\t\t\t\t\t\t\t<\/div>\n\t\t\t\t<div class=\"elementor-element elementor-element-9671e9e elementor-widget elementor-widget-heading\" data-id=\"9671e9e\" data-element_type=\"widget\" data-e-type=\"widget\" data-widget_type=\"heading.default\">\n\t\t\t\t\t<h3 class=\"elementor-heading-title elementor-size-default\">Umfang der weitergabe und verbreitung<\/h3>\t\t\t\t<\/div>\n\t\t\t\t<div class=\"elementor-element elementor-element-4ae676e elementor-widget elementor-widget-text-editor\" data-id=\"4ae676e\" data-element_type=\"widget\" data-e-type=\"widget\" data-widget_type=\"text-editor.default\">\n\t\t\t\t\t\t\t\t\tDer Verantwortliche erkl\u00e4rt, dass seine Daten nicht weitergegeben oder verbreitet werden.\t\t\t\t\t\t\t\t<\/div>\n\t\t\t\t<div class=\"elementor-element elementor-element-1dd9d8a elementor-widget elementor-widget-heading\" data-id=\"1dd9d8a\" data-element_type=\"widget\" data-e-type=\"widget\" data-widget_type=\"heading.default\">\n\t\t\t\t\t<h3 class=\"elementor-heading-title elementor-size-default\">Rechte der betroffenen personen<\/h3>\t\t\t\t<\/div>\n\t\t\t\t<div class=\"elementor-element elementor-element-c9353ee elementor-widget elementor-widget-text-editor\" data-id=\"c9353ee\" data-element_type=\"widget\" data-e-type=\"widget\" data-widget_type=\"text-editor.default\">\n\t\t\t\t\t\t\t\t\t<p>Gem\u00e4\u00df Artikel 15-22 DSGVO haben die betroffenen Personen das Recht, vom Verantwortlichen Auskunft \u00fcber Ihre personenbezogenen Daten zu erhalten oder deren Berichtigung oder L\u00f6schung sowie die Einschr\u00e4nkung der Verarbeitung zu verlangen, au\u00dferdem haben sie ein Widerspruchsrecht gegen die Verarbeitung sowie ein Recht auf Daten\u00fcbertragbarkeit.<\/p>\t\t\t\t\t\t\t\t<\/div>\n\t\t\t\t<div class=\"elementor-element elementor-element-3a94e09 elementor-widget elementor-widget-text-editor\" data-id=\"3a94e09\" data-element_type=\"widget\" data-e-type=\"widget\" data-widget_type=\"text-editor.default\">\n\t\t\t\t\t\t\t\t\t<p>Die Anfrage kann per E-Mail oder Fax oder per Einschreiben mit folgendem Betreff erfolgen: \u201cAnfrage der betroffenen Person\u201d, in der das Recht angegeben ist, das die betroffene Person aus\u00fcben m\u00f6chte (L\u00f6schung, Berichtigung, \u00dcbertragbarkeit, Vergessen), zusammen mit einer g\u00fcltigen E-Mail-Adresse, an die eine Antwort gesendet werden kann.<\/p>\t\t\t\t\t\t\t\t<\/div>\n\t\t\t\t<div class=\"elementor-element elementor-element-641aa47 elementor-widget elementor-widget-text-editor\" data-id=\"641aa47\" data-element_type=\"widget\" data-e-type=\"widget\" data-widget_type=\"text-editor.default\">\n\t\t\t\t\t\t\t\t\t<p>Der Verantwortliche oder eine von ihm beauftragte Person wird der Aufforderung innerhalb von 30 Tagen nach Erhalt nachkommen. Ist die Antwort komplex, k\u00f6nnte die Frist auf weitere 30 Tage verl\u00e4ngert werden, vorbehaltlich einer rechtzeitigen Information des Beteiligten. <\/p>\t\t\t\t\t\t\t\t<\/div>\n\t\t\t\t<div class=\"elementor-element elementor-element-16102c2 elementor-widget elementor-widget-text-editor\" data-id=\"16102c2\" data-element_type=\"widget\" data-e-type=\"widget\" data-widget_type=\"text-editor.default\">\n\t\t\t\t\t\t\t\t\t<p>Wenn Sie es f\u00fcr angemessen halten, Ihre Rechte geltend zu machen, k\u00f6nnen Sie eine Beschwerde bei der zust\u00e4ndigen Aufsichtsbeh\u00f6rde einreichen, in Italien der nationale Datenschutzbeauftragte mit Sitz auf der Piazza Venezia 11, 00187 Rom. <u><a href=\"mailto:garante@gpdp.it\">garante@gpdp.it<\/a><\/u>.<\/p>\t\t\t\t\t\t\t\t<\/div>\n\t\t\t\t<div class=\"elementor-element elementor-element-ce86d39 elementor-widget elementor-widget-text-editor\" data-id=\"ce86d39\" data-element_type=\"widget\" data-e-type=\"widget\" data-widget_type=\"text-editor.default\">\n\t\t\t\t\t\t\t\t\t<p>Aktualisierungsdatum 02.03.2020<\/p>\t\t\t\t\t\t\t\t<\/div>\n\t\t\t\t\t<\/div>\n\t\t\t\t<\/div>\n\t\t\t\t<\/div>\n\t\t\t\t<\/div>\n\t\t","protected":false},"excerpt":{"rendered":"<p><span class=\"span-reading-time rt-reading-time\" style=\"display: block;\"><span class=\"rt-label rt-prefix\">Tempo di lettura: <\/span> <span class=\"rt-time\"> 3<\/span> <span class=\"rt-label rt-postfix\">minuti<\/span><\/span>Auf dieser Seite wird die Art und Weise der Verwaltung dieser Website betreffend die Verarbeitung der personenbezogenen Daten der Nutzer, die die Seite aufrufen, beschrieben. Die Verarbeitung der Daten erfolgt nach den Kriterien der Europ\u00e4ischen Verordnung zum Schutz personenbezogener Daten 2016\/679\/EU und nach allen anderen damit verbundenen nationalen Rechtsvorschriften, Ma\u00dfnahmen oder Vorgabeen der zust\u00e4ndigen Beh\u00f6rde. [&hellip;]<\/p>\n","protected":false},"author":1,"featured_media":0,"parent":0,"menu_order":0,"comment_status":"closed","ping_status":"open","template":"","meta":{"_acf_changed":false,"inline_featured_image":false,"footnotes":""},"class_list":["post-9230","page","type-page","status-publish","hentry"],"acf":[],"yoast_head":"<!-- This site is optimized with the Yoast SEO plugin v27.1.1 - https:\/\/yoast.com\/product\/yoast-seo-wordpress\/ -->\n<title>Privacy Policy - SeedFutureGroup<\/title>\n<meta name=\"robots\" content=\"index, follow, max-snippet:-1, max-image-preview:large, max-video-preview:-1\" \/>\n<link rel=\"canonical\" href=\"https:\/\/seedfuturegroup.com\/de\/privacy-policy\/\" \/>\n<meta property=\"og:locale\" content=\"de_DE\" \/>\n<meta property=\"og:type\" content=\"article\" \/>\n<meta property=\"og:title\" content=\"Privacy Policy - SeedFutureGroup\" \/>\n<meta property=\"og:description\" content=\"Tempo di lettura:  3 minutiAuf dieser Seite wird die Art und Weise der Verwaltung dieser Website betreffend die Verarbeitung der personenbezogenen Daten der Nutzer, die die Seite aufrufen, beschrieben. Die Verarbeitung der Daten erfolgt nach den Kriterien der Europ\u00e4ischen Verordnung zum Schutz personenbezogener Daten 2016\/679\/EU und nach allen anderen damit verbundenen nationalen Rechtsvorschriften, Ma\u00dfnahmen oder Vorgabeen der zust\u00e4ndigen Beh\u00f6rde. [&hellip;]\" \/>\n<meta property=\"og:url\" content=\"https:\/\/seedfuturegroup.com\/de\/privacy-policy\/\" \/>\n<meta property=\"og:site_name\" content=\"SeedFutureGroup\" \/>\n<meta property=\"article:modified_time\" content=\"2026-03-12T11:51:17+00:00\" \/>\n<meta name=\"twitter:card\" content=\"summary_large_image\" \/>\n<meta name=\"twitter:label1\" content=\"Gesch\u00e4tzte Lesezeit\" \/>\n\t<meta name=\"twitter:data1\" content=\"5\u00a0Minuten\" \/>\n<script type=\"application\/ld+json\" class=\"yoast-schema-graph\">{\"@context\":\"https:\/\/schema.org\",\"@graph\":[{\"@type\":\"WebPage\",\"@id\":\"https:\/\/seedfuturegroup.com\/de\/privacy-policy\/\",\"url\":\"https:\/\/seedfuturegroup.com\/de\/privacy-policy\/\",\"name\":\"Privacy Policy - SeedFutureGroup\",\"isPartOf\":{\"@id\":\"https:\/\/seedfuturegroup.com\/#website\"},\"datePublished\":\"2025-09-01T09:34:30+00:00\",\"dateModified\":\"2026-03-12T11:51:17+00:00\",\"inLanguage\":\"de\",\"potentialAction\":[{\"@type\":\"ReadAction\",\"target\":[\"https:\/\/seedfuturegroup.com\/de\/privacy-policy\/\"]}]},{\"@type\":\"WebSite\",\"@id\":\"https:\/\/seedfuturegroup.com\/#website\",\"url\":\"https:\/\/seedfuturegroup.com\/\",\"name\":\"SeedFuture Group\",\"description\":\"\",\"publisher\":{\"@id\":\"https:\/\/seedfuturegroup.com\/#organization\"},\"potentialAction\":[{\"@type\":\"SearchAction\",\"target\":{\"@type\":\"EntryPoint\",\"urlTemplate\":\"https:\/\/seedfuturegroup.com\/?s={search_term_string}\"},\"query-input\":{\"@type\":\"PropertyValueSpecification\",\"valueRequired\":true,\"valueName\":\"search_term_string\"}}],\"inLanguage\":\"de\"},{\"@type\":\"Organization\",\"@id\":\"https:\/\/seedfuturegroup.com\/#organization\",\"name\":\"SeedFuture Group\",\"url\":\"https:\/\/seedfuturegroup.com\/\",\"logo\":{\"@type\":\"ImageObject\",\"inLanguage\":\"de\",\"@id\":\"https:\/\/seedfuturegroup.com\/#\/schema\/logo\/image\/\",\"url\":\"https:\/\/seedfuturegroup.com\/wp-content\/uploads\/2025\/09\/logo-seedfuture-v3.svg\",\"contentUrl\":\"https:\/\/seedfuturegroup.com\/wp-content\/uploads\/2025\/09\/logo-seedfuture-v3.svg\",\"width\":100,\"height\":100,\"caption\":\"SeedFuture Group\"},\"image\":{\"@id\":\"https:\/\/seedfuturegroup.com\/#\/schema\/logo\/image\/\"},\"sameAs\":[\"https:\/\/www.linkedin.com\/company\/seedfuture\/\",\"https:\/\/www.youtube.com\/@seedfuturegroup\"]}]}<\/script>\n<!-- \/ Yoast SEO plugin. -->","yoast_head_json":{"title":"Privacy Policy - SeedFutureGroup","robots":{"index":"index","follow":"follow","max-snippet":"max-snippet:-1","max-image-preview":"max-image-preview:large","max-video-preview":"max-video-preview:-1"},"canonical":"https:\/\/seedfuturegroup.com\/de\/privacy-policy\/","og_locale":"de_DE","og_type":"article","og_title":"Privacy Policy - SeedFutureGroup","og_description":"Tempo di lettura:  3 minutiAuf dieser Seite wird die Art und Weise der Verwaltung dieser Website betreffend die Verarbeitung der personenbezogenen Daten der Nutzer, die die Seite aufrufen, beschrieben. Die Verarbeitung der Daten erfolgt nach den Kriterien der Europ\u00e4ischen Verordnung zum Schutz personenbezogener Daten 2016\/679\/EU und nach allen anderen damit verbundenen nationalen Rechtsvorschriften, Ma\u00dfnahmen oder Vorgabeen der zust\u00e4ndigen Beh\u00f6rde. [&hellip;]","og_url":"https:\/\/seedfuturegroup.com\/de\/privacy-policy\/","og_site_name":"SeedFutureGroup","article_modified_time":"2026-03-12T11:51:17+00:00","twitter_card":"summary_large_image","twitter_misc":{"Gesch\u00e4tzte Lesezeit":"5\u00a0Minuten"},"schema":{"@context":"https:\/\/schema.org","@graph":[{"@type":"WebPage","@id":"https:\/\/seedfuturegroup.com\/de\/privacy-policy\/","url":"https:\/\/seedfuturegroup.com\/de\/privacy-policy\/","name":"Privacy Policy - SeedFutureGroup","isPartOf":{"@id":"https:\/\/seedfuturegroup.com\/#website"},"datePublished":"2025-09-01T09:34:30+00:00","dateModified":"2026-03-12T11:51:17+00:00","inLanguage":"de","potentialAction":[{"@type":"ReadAction","target":["https:\/\/seedfuturegroup.com\/de\/privacy-policy\/"]}]},{"@type":"WebSite","@id":"https:\/\/seedfuturegroup.com\/#website","url":"https:\/\/seedfuturegroup.com\/","name":"SeedFuture Group","description":"","publisher":{"@id":"https:\/\/seedfuturegroup.com\/#organization"},"potentialAction":[{"@type":"SearchAction","target":{"@type":"EntryPoint","urlTemplate":"https:\/\/seedfuturegroup.com\/?s={search_term_string}"},"query-input":{"@type":"PropertyValueSpecification","valueRequired":true,"valueName":"search_term_string"}}],"inLanguage":"de"},{"@type":"Organization","@id":"https:\/\/seedfuturegroup.com\/#organization","name":"SeedFuture Group","url":"https:\/\/seedfuturegroup.com\/","logo":{"@type":"ImageObject","inLanguage":"de","@id":"https:\/\/seedfuturegroup.com\/#\/schema\/logo\/image\/","url":"https:\/\/seedfuturegroup.com\/wp-content\/uploads\/2025\/09\/logo-seedfuture-v3.svg","contentUrl":"https:\/\/seedfuturegroup.com\/wp-content\/uploads\/2025\/09\/logo-seedfuture-v3.svg","width":100,"height":100,"caption":"SeedFuture Group"},"image":{"@id":"https:\/\/seedfuturegroup.com\/#\/schema\/logo\/image\/"},"sameAs":["https:\/\/www.linkedin.com\/company\/seedfuture\/","https:\/\/www.youtube.com\/@seedfuturegroup"]}]}},"_links":{"self":[{"href":"https:\/\/seedfuturegroup.com\/de\/wp-json\/wp\/v2\/pages\/9230","targetHints":{"allow":["GET"]}}],"collection":[{"href":"https:\/\/seedfuturegroup.com\/de\/wp-json\/wp\/v2\/pages"}],"about":[{"href":"https:\/\/seedfuturegroup.com\/de\/wp-json\/wp\/v2\/types\/page"}],"author":[{"embeddable":true,"href":"https:\/\/seedfuturegroup.com\/de\/wp-json\/wp\/v2\/users\/1"}],"replies":[{"embeddable":true,"href":"https:\/\/seedfuturegroup.com\/de\/wp-json\/wp\/v2\/comments?post=9230"}],"version-history":[{"count":2,"href":"https:\/\/seedfuturegroup.com\/de\/wp-json\/wp\/v2\/pages\/9230\/revisions"}],"predecessor-version":[{"id":9304,"href":"https:\/\/seedfuturegroup.com\/de\/wp-json\/wp\/v2\/pages\/9230\/revisions\/9304"}],"wp:attachment":[{"href":"https:\/\/seedfuturegroup.com\/de\/wp-json\/wp\/v2\/media?parent=9230"}],"curies":[{"name":"wp","href":"https:\/\/api.w.org\/{rel}","templated":true}]}}